{"id":1767,"date":"2013-02-04T12:43:11","date_gmt":"2013-02-04T20:43:11","guid":{"rendered":"http:\/\/10.129.3.208\/CapstoneNew\/?page_id=7"},"modified":"2021-09-16T16:32:16","modified_gmt":"2021-09-16T23:32:16","slug":"labor-employment","status":"publish","type":"page","link":"https:\/\/capstonelawyers.com\/es\/practice-areas\/labor-employment\/","title":{"rendered":"Trabajo y Empleo"},"content":{"rendered":"<p>La pr\u00e1ctica de Trabajo y Empleo de Capstone cuenta con algunos de los abogados laborales con m\u00e1s experiencia del estado que han certificado varias clases de empleados y negociado millones de d\u00f3lares en acuerdos a lo largo de sus carreras. Los abogados de Capstone tambi\u00e9n han logrado importantes victorias en apelaciones en nombre de los empleados, como <em>Brown v. Ralphs Grocery Co.<\/em>, en el que el Tribunal de Apelaciones de California estableci\u00f3 una excepci\u00f3n a la preferencia federal de reclamos presentados bajo la Ley de Abogados Privados del C\u00f3digo Laboral de California.<\/p>\n<p>Nuestros abogados representan con orgullo a los empleados en todo California y en todo el pa\u00eds que han sido v\u00edctimas de pr\u00e1cticas salariales ilegales, violaciones de los est\u00e1ndares del lugar de trabajo y otras conductas ilegales por parte de sus empleadores. Tenemos experiencia en todos los aspectos de la legislaci\u00f3n laboral estatal y federal y estamos comprometidos a defender los derechos de los empleados y desafiar las pr\u00e1cticas comerciales ilegales de los empleadores. La pr\u00e1ctica de Trabajo y Empleo de Capstone Law puede manejar demandas colectivas y casos de acci\u00f3n masiva de m\u00faltiples demandantes que involucran:<\/p>\n<ul>\n<li>Reclamaciones de horas extraordinarias y salario m\u00ednimo<\/li>\n<li>Clasificaci\u00f3n err\u00f3nea de empleados como &#8220;exentos&#8221; o &#8220;contratistas independientes&#8221;<\/li>\n<li>Gastos comerciales no reembolsados<\/li>\n<li>Comisiones de ventas impagas<\/li>\n<li>P\u00e9rdida de vacaciones o tiempo libre pagado<\/li>\n<li>Negaci\u00f3n de las pausas para comer o descansar<\/li>\n<li>Discriminaci\u00f3n laboral<\/li>\n<li>Deducciones salariales inadecuadas<\/li>\n<\/ul>\n<p>Capstone litiga casos en nombre de empleados en una amplia gama de industrias, que incluyen venta minorista, servicios de alimentos, m\u00e9dicos, seguros, banca y valores, entre otros.<\/p>\n<p><a title=\"Comun\u00edquese con nosotros\" href=\"https:\/\/capstonelawyers.com\/es\/contact-us\/\">Comun\u00edquese con nosotros<\/a> para una evaluaci\u00f3n y valoraci\u00f3n gratuitas de su reclamo.<\/p>\n","protected":false},"excerpt":{"rendered":"<p>La pr\u00e1ctica de Trabajo y Empleo de Capstone cuenta con algunos de los abogados laborales con m\u00e1s experiencia del estado que han certificado varias clases de empleados y negociado millones de d\u00f3lares en acuerdos a lo largo de sus carreras. Los abogados de Capstone tambi\u00e9n han logrado importantes victorias en apelaciones en nombre de los [&hellip;]<\/p>\n","protected":false},"author":1,"featured_media":0,"parent":1766,"menu_order":0,"comment_status":"open","ping_status":"open","template":"template-page.php","meta":[],"_links":{"self":[{"href":"https:\/\/capstonelawyers.com\/es\/wp-json\/wp\/v2\/pages\/1767"}],"collection":[{"href":"https:\/\/capstonelawyers.com\/es\/wp-json\/wp\/v2\/pages"}],"about":[{"href":"https:\/\/capstonelawyers.com\/es\/wp-json\/wp\/v2\/types\/page"}],"author":[{"embeddable":true,"href":"https:\/\/capstonelawyers.com\/es\/wp-json\/wp\/v2\/users\/1"}],"replies":[{"embeddable":true,"href":"https:\/\/capstonelawyers.com\/es\/wp-json\/wp\/v2\/comments?post=1767"}],"version-history":[{"count":5,"href":"https:\/\/capstonelawyers.com\/es\/wp-json\/wp\/v2\/pages\/1767\/revisions"}],"predecessor-version":[{"id":3322,"href":"https:\/\/capstonelawyers.com\/es\/wp-json\/wp\/v2\/pages\/1767\/revisions\/3322"}],"up":[{"embeddable":true,"href":"https:\/\/capstonelawyers.com\/es\/wp-json\/wp\/v2\/pages\/1766"}],"wp:attachment":[{"href":"https:\/\/capstonelawyers.com\/es\/wp-json\/wp\/v2\/media?parent=1767"}],"curies":[{"name":"wp","href":"https:\/\/api.w.org\/{rel}","templated":true}]}}