{"id":1768,"date":"2013-02-04T12:43:22","date_gmt":"2013-02-04T20:43:22","guid":{"rendered":"http:\/\/10.129.3.208\/CapstoneNew\/?page_id=8"},"modified":"2021-09-16T15:56:00","modified_gmt":"2021-09-16T22:56:00","slug":"consumer-rights","status":"publish","type":"page","link":"https:\/\/capstonelawyers.com\/es\/practice-areas\/consumer-rights\/","title":{"rendered":"Derechos del consumidor"},"content":{"rendered":"<p>Enfrentando m\u00e1rgenes apretados y competencia elevada, algunas empresas hacen afirmaciones falsas o exageradas sobre productos o servicios en un esfuerzo por aprovecharse de los consumidores. Muchas empresas tambi\u00e9n violan abiertamente las leyes promulgadas para proteger la privacidad del consumidor. Con demasiada frecuencia, estas empresas se salen con la suya con t\u00e1cticas enga\u00f1osas, confiando en que los consumidores que se dan cuenta no tendr\u00e1n el tiempo ni los recursos para tomar medidas en su contra. En Capstone Law, responsabilizamos a estas empresas.<\/p>\n<p>Representamos a clientes que han sido enga\u00f1ados por las reclamaciones de una empresa sobre un producto o servicio, as\u00ed como a aquellos cuyos derechos de privacidad han sido violados, y generalmente procesamos nuestros casos como acciones colectivas.<\/p>\n<p>Nuestros abogados pueden manejar una amplia gama de reclamos e inquietudes de los consumidores, que incluyen:<\/p>\n<ul>\n<li>Publicidad y marketing falsos o enga\u00f1osos<\/li>\n<li>Violaciones de privacidad, como violaciones de datos y grabaciones ilegales<\/li>\n<li>No proporcionar bienes o servicios pagados<\/li>\n<li>Estafas por Internet y tele mercadeo<\/li>\n<li>Productos y servicios defectuosos o inferiores<\/li>\n<li>T\u00e1cticas de cebo y cambio<\/li>\n<li>Esquemas Ponzi<\/li>\n<\/ul>\n<p>La pr\u00e1ctica del consumidor de Capstone Law cuenta con abogados con experiencia que buscan detener estas pr\u00e1cticas comerciales enga\u00f1osas e injustas y obtener una compensaci\u00f3n para los consumidores. Con un asesoramiento calificado y amplios recursos, nuestros clientes pueden estar seguros de que entendemos sus necesidades y protegemos sus intereses.<\/p>\n<p><a title=\"Comun\u00edquese con nosotros\" href=\"https:\/\/capstonelawyers.com\/es\/contact-us\/\">Comun\u00edquese con nosotros<\/a> para una evaluaci\u00f3n y valoraci\u00f3n gratuitas de su reclamo.<\/p>\n","protected":false},"excerpt":{"rendered":"<p>Enfrentando m\u00e1rgenes apretados y competencia elevada, algunas empresas hacen afirmaciones falsas o exageradas sobre productos o servicios en un esfuerzo por aprovecharse de los consumidores. Muchas empresas tambi\u00e9n violan abiertamente las leyes promulgadas para proteger la privacidad del consumidor. Con demasiada frecuencia, estas empresas se salen con la suya con t\u00e1cticas enga\u00f1osas, confiando en que [&hellip;]<\/p>\n","protected":false},"author":1,"featured_media":0,"parent":1766,"menu_order":0,"comment_status":"open","ping_status":"open","template":"template-page.php","meta":[],"_links":{"self":[{"href":"https:\/\/capstonelawyers.com\/es\/wp-json\/wp\/v2\/pages\/1768"}],"collection":[{"href":"https:\/\/capstonelawyers.com\/es\/wp-json\/wp\/v2\/pages"}],"about":[{"href":"https:\/\/capstonelawyers.com\/es\/wp-json\/wp\/v2\/types\/page"}],"author":[{"embeddable":true,"href":"https:\/\/capstonelawyers.com\/es\/wp-json\/wp\/v2\/users\/1"}],"replies":[{"embeddable":true,"href":"https:\/\/capstonelawyers.com\/es\/wp-json\/wp\/v2\/comments?post=1768"}],"version-history":[{"count":7,"href":"https:\/\/capstonelawyers.com\/es\/wp-json\/wp\/v2\/pages\/1768\/revisions"}],"predecessor-version":[{"id":3317,"href":"https:\/\/capstonelawyers.com\/es\/wp-json\/wp\/v2\/pages\/1768\/revisions\/3317"}],"up":[{"embeddable":true,"href":"https:\/\/capstonelawyers.com\/es\/wp-json\/wp\/v2\/pages\/1766"}],"wp:attachment":[{"href":"https:\/\/capstonelawyers.com\/es\/wp-json\/wp\/v2\/media?parent=1768"}],"curies":[{"name":"wp","href":"https:\/\/api.w.org\/{rel}","templated":true}]}}