{"id":1770,"date":"2013-02-04T12:45:02","date_gmt":"2013-02-04T20:45:02","guid":{"rendered":"http:\/\/10.129.3.208\/CapstoneNew\/?page_id=10"},"modified":"2021-09-16T16:27:27","modified_gmt":"2021-09-16T23:27:27","slug":"automotive-defects","status":"publish","type":"page","link":"https:\/\/capstonelawyers.com\/es\/practice-areas\/automotive-defects\/","title":{"rendered":"Defectos automovil\u00edsticos"},"content":{"rendered":"<p>Con pr\u00e1cticas comerciales cada vez m\u00e1s competitivas y la prisa por ofrecer la \u00faltima y mejor tecnolog\u00eda, las empresas a menudo lanzan nuevos productos que no cumplen con las expectativas de los consumidores u operan muy por debajo de los est\u00e1ndares establecidos. Cuando ese producto es un autom\u00f3vil, est\u00e1n en juego vidas humanas. Con demasiada frecuencia, los modelos no son seguros y est\u00e1n dise\u00f1ados o fabricados de manera defectuosa, lo que cuesta a los consumidores millones en reparaciones y da\u00f1os relacionados y pone en riesgo innumerables vidas.<\/p>\n<p>En Capstone Law, creemos que es importante confrontar a los fabricantes de veh\u00edculos cuando se cuestionan sus compromisos con la calidad, la seguridad y la integridad. La pr\u00e1ctica de Defectos Automovil\u00edsticos de Capstone Law puede manejar casos que involucran problemas tales como:<\/p>\n<ul>\n<li>Mal funcionamiento de los sistemas de frenado y aceleradores<\/li>\n<li>Problemas de direcci\u00f3n que provocan la p\u00e9rdida del control del veh\u00edculo<\/li>\n<li>Llantas rotas o ruedas rotas y fallas relacionadas<\/li>\n<li>Sistemas de combustible defectuosos, incluidas fugas de combustible<\/li>\n<li>Limpiaparabrisas defectuosos<\/li>\n<li>Asientos y respaldos de los asientos que fallan durante el uso y asientos de seguridad para ni\u00f1os defectuosos<\/li>\n<li>Bolsas de aire que no se despliegan correctamente<\/li>\n<\/ul>\n<p>Usamos nuestra experiencia y recursos legales para perseguir casos de defectos de veh\u00edculos en base a acciones colectivas y responsabilizar a los fabricantes.<\/p>\n<p><a title=\"Comun\u00edquese con nosotros\" href=\"https:\/\/capstonelawyers.com\/es\/contact-us\/\">Comun\u00edquese con nosotros<\/a> para una evaluaci\u00f3n y valoraci\u00f3n gratuitas de su reclamo.<\/p>\n","protected":false},"excerpt":{"rendered":"<p>Con pr\u00e1cticas comerciales cada vez m\u00e1s competitivas y la prisa por ofrecer la \u00faltima y mejor tecnolog\u00eda, las empresas a menudo lanzan nuevos productos que no cumplen con las expectativas de los consumidores u operan muy por debajo de los est\u00e1ndares establecidos. Cuando ese producto es un autom\u00f3vil, est\u00e1n en juego vidas humanas. Con demasiada [&hellip;]<\/p>\n","protected":false},"author":1,"featured_media":0,"parent":1766,"menu_order":0,"comment_status":"open","ping_status":"open","template":"template-page.php","meta":[],"_links":{"self":[{"href":"https:\/\/capstonelawyers.com\/es\/wp-json\/wp\/v2\/pages\/1770"}],"collection":[{"href":"https:\/\/capstonelawyers.com\/es\/wp-json\/wp\/v2\/pages"}],"about":[{"href":"https:\/\/capstonelawyers.com\/es\/wp-json\/wp\/v2\/types\/page"}],"author":[{"embeddable":true,"href":"https:\/\/capstonelawyers.com\/es\/wp-json\/wp\/v2\/users\/1"}],"replies":[{"embeddable":true,"href":"https:\/\/capstonelawyers.com\/es\/wp-json\/wp\/v2\/comments?post=1770"}],"version-history":[{"count":6,"href":"https:\/\/capstonelawyers.com\/es\/wp-json\/wp\/v2\/pages\/1770\/revisions"}],"predecessor-version":[{"id":3320,"href":"https:\/\/capstonelawyers.com\/es\/wp-json\/wp\/v2\/pages\/1770\/revisions\/3320"}],"up":[{"embeddable":true,"href":"https:\/\/capstonelawyers.com\/es\/wp-json\/wp\/v2\/pages\/1766"}],"wp:attachment":[{"href":"https:\/\/capstonelawyers.com\/es\/wp-json\/wp\/v2\/media?parent=1770"}],"curies":[{"name":"wp","href":"https:\/\/api.w.org\/{rel}","templated":true}]}}