{"id":1771,"date":"2013-02-04T12:44:09","date_gmt":"2013-02-04T20:44:09","guid":{"rendered":"http:\/\/10.129.3.208\/CapstoneNew\/?page_id=11"},"modified":"2021-09-16T16:46:05","modified_gmt":"2021-09-16T23:46:05","slug":"securities-fraud","status":"publish","type":"page","link":"https:\/\/capstonelawyers.com\/es\/practice-areas\/securities-fraud\/","title":{"rendered":"Fraude de Seguridades"},"content":{"rendered":"<p>En este clima econ\u00f3mico vol\u00e1til, tanto los inversores individuales como los institucionales navegan por mercados impredecibles. Adem\u00e1s de estos riesgos, los inversionistas tambi\u00e9n enfrentan el problema de c\u00f3mo recuperarse cuando los l\u00edderes corporativos dejan sus deberes fiduciarios en la puerta. Las agencias gubernamentales encargadas de hacer cumplir la ley, encargadas de hacer que las entidades poderosas rindan cuentas, est\u00e1n muy presionadas por los recortes presupuestarios, la reducci\u00f3n del personal y un poder judicial cada vez m\u00e1s favorable a las empresas. Un bufete de abogados privado con suficiente personal y con intereses compartidos podr\u00eda ser un aliado oportuno. Podemos ayudar.<\/p>\n<p>Con la capacidad de manejar reclamos de la ley de valores, as\u00ed como una infraestructura expansiva que permite a los abogados investigar y evaluar a fondo los reclamos, Capstone Law est\u00e1 en una posici\u00f3n \u00fanica tanto para representar a los inversionistas como para asociarse con las agencias gubernamentales de cumplimiento en el trabajo hacia un objetivo com\u00fan: la responsabilidad corporativa por actividades ilegales y poco \u00e9ticas que perjudican a los inversores.<\/p>\n<p>Buscamos representar a clientes en juicios que involucren:<\/p>\n<ul>\n<li>Reclamaciones derivadas de accionistas y acciones colectivas<\/li>\n<li>Asuntos de gobierno corporativo<\/li>\n<li>Representaci\u00f3n institucional (por ejemplo, fondos de pensiones, sindicatos, bancos comunitarios)<\/li>\n<li>Arbitrajes y disputas entre agentes de bolsa<\/li>\n<li>Asociaciones p\u00fablicas con abogados y procuradores generales de la ciudad<\/li>\n<\/ul>\n<p>Estamos preparados para brindar a los accionistas, inversionistas institucionales y otros con reclamos relacionados con valores la experiencia y los recursos necesarios para proteger sus intereses.<\/p>\n<p><a title=\"Comun\u00edquese con nosotros\" href=\"https:\/\/capstonelawyers.com\/es\/contact-us\/\">Comun\u00edquese con nosotros<\/a> para una evaluaci\u00f3n y valoraci\u00f3n gratuitas de su reclamo.<\/p>\n","protected":false},"excerpt":{"rendered":"<p>En este clima econ\u00f3mico vol\u00e1til, tanto los inversores individuales como los institucionales navegan por mercados impredecibles. Adem\u00e1s de estos riesgos, los inversionistas tambi\u00e9n enfrentan el problema de c\u00f3mo recuperarse cuando los l\u00edderes corporativos dejan sus deberes fiduciarios en la puerta. Las agencias gubernamentales encargadas de hacer cumplir la ley, encargadas de hacer que las entidades [&hellip;]<\/p>\n","protected":false},"author":1,"featured_media":0,"parent":1766,"menu_order":0,"comment_status":"open","ping_status":"open","template":"template-page.php","meta":[],"_links":{"self":[{"href":"https:\/\/capstonelawyers.com\/es\/wp-json\/wp\/v2\/pages\/1771"}],"collection":[{"href":"https:\/\/capstonelawyers.com\/es\/wp-json\/wp\/v2\/pages"}],"about":[{"href":"https:\/\/capstonelawyers.com\/es\/wp-json\/wp\/v2\/types\/page"}],"author":[{"embeddable":true,"href":"https:\/\/capstonelawyers.com\/es\/wp-json\/wp\/v2\/users\/1"}],"replies":[{"embeddable":true,"href":"https:\/\/capstonelawyers.com\/es\/wp-json\/wp\/v2\/comments?post=1771"}],"version-history":[{"count":5,"href":"https:\/\/capstonelawyers.com\/es\/wp-json\/wp\/v2\/pages\/1771\/revisions"}],"predecessor-version":[{"id":3324,"href":"https:\/\/capstonelawyers.com\/es\/wp-json\/wp\/v2\/pages\/1771\/revisions\/3324"}],"up":[{"embeddable":true,"href":"https:\/\/capstonelawyers.com\/es\/wp-json\/wp\/v2\/pages\/1766"}],"wp:attachment":[{"href":"https:\/\/capstonelawyers.com\/es\/wp-json\/wp\/v2\/media?parent=1771"}],"curies":[{"name":"wp","href":"https:\/\/api.w.org\/{rel}","templated":true}]}}