{"id":1772,"date":"2013-02-04T12:44:23","date_gmt":"2013-02-04T20:44:23","guid":{"rendered":"http:\/\/10.129.3.208\/CapstoneNew\/?page_id=12"},"modified":"2021-09-16T17:39:20","modified_gmt":"2021-09-17T00:39:20","slug":"mass-actions","status":"publish","type":"page","link":"https:\/\/capstonelawyers.com\/es\/practice-areas\/mass-actions\/","title":{"rendered":"Acciones Masivas"},"content":{"rendered":"<p>Un agravio masivo o acci\u00f3n masiva es una demanda que involucra a numerosos demandantes contra uno o m\u00e1s demandados corporativos. Creemos que llevar acciones individuales de forma masiva es una forma poderosa de hacer que se escuchen las voces de nuestros clientes. Los agravios masivos generalmente se derivan de la responsabilidad de los productos, la exposici\u00f3n t\u00f3xica a materiales peligrosos (como productos qu\u00edmicos o toxinas ambientales) o desastres, pero pueden surgir de una amplia variedad de circunstancias. Nuestra firma est\u00e1 equipada para manejar numerosos asuntos en las \u00e1reas de Acci\u00f3n Masiva y Agravio Masivo, que incluyen:<\/p>\n<ul>\n<li><span style=\"color: #ee4411;\"><strong>Casos de Responsabilidad por Productos:<\/strong><\/span> la responsabilidad por productos puede proporcionar la base para una acci\u00f3n masiva cuando un solo producto, como un medicamento o un dispositivo m\u00e9dico, lesiona a numerosos consumidores. Un producto puede ser defectuoso en funci\u00f3n de c\u00f3mo se fabrica o de c\u00f3mo se etiqueta y \/ o comercializa. Instrucciones insuficientes, advertencias de seguridad inadecuadas o tergiversaciones (ya sean intencionales o no) pueden generar responsabilidad contra el fabricante, distribuidor y revendedor de un producto defectuoso.<\/li>\n<li><span style=\"color: #ee4411;\"><strong>Agravios T\u00f3xicos:<\/strong><\/span> en los casos relacionados con la exposici\u00f3n a sustancias t\u00f3xicas, las partes responsables pueden incluir el empleador (para la exposici\u00f3n en el lugar de trabajo), las empresas de construcci\u00f3n o los fabricantes de componentes del edificio (para la exposici\u00f3n en su hogar u otra estructura), los fabricantes de medicamentos o productos qu\u00edmicos, o las entidades gubernamentales (para aire contaminado o agua potable).<\/li>\n<li><span style=\"color: #ee4411;\"><strong>Agravios Catastr\u00f3ficos y por Desastres:<\/strong><\/span> estos son casos en los que las entidades (como corporaciones o entidades gubernamentales) pueden incurrir en responsabilidad derivada de desastres industriales o naturales, incluidas explosiones, accidentes industriales, exposici\u00f3n masiva a t\u00f3xicos, cortes de energ\u00eda y no advertir adecuadamente, garantizar la seguridad, o responder apropiadamente.<\/li>\n<\/ul>\n<p>Nuestra firma se dedica a perseguir estas y otras acciones que impactan a los empleados y consumidores. Nuestros clientes pueden contar con que Capstone Law est\u00e1 a la vanguardia de nuevos desarrollos y enfoques novedosos.<\/p>\n","protected":false},"excerpt":{"rendered":"<p>Un agravio masivo o acci\u00f3n masiva es una demanda que involucra a numerosos demandantes contra uno o m\u00e1s demandados corporativos. Creemos que llevar acciones individuales de forma masiva es una forma poderosa de hacer que se escuchen las voces de nuestros clientes. Los agravios masivos generalmente se derivan de la responsabilidad de los productos, la [&hellip;]<\/p>\n","protected":false},"author":1,"featured_media":0,"parent":1766,"menu_order":0,"comment_status":"open","ping_status":"open","template":"template-page.php","meta":[],"_links":{"self":[{"href":"https:\/\/capstonelawyers.com\/es\/wp-json\/wp\/v2\/pages\/1772"}],"collection":[{"href":"https:\/\/capstonelawyers.com\/es\/wp-json\/wp\/v2\/pages"}],"about":[{"href":"https:\/\/capstonelawyers.com\/es\/wp-json\/wp\/v2\/types\/page"}],"author":[{"embeddable":true,"href":"https:\/\/capstonelawyers.com\/es\/wp-json\/wp\/v2\/users\/1"}],"replies":[{"embeddable":true,"href":"https:\/\/capstonelawyers.com\/es\/wp-json\/wp\/v2\/comments?post=1772"}],"version-history":[{"count":9,"href":"https:\/\/capstonelawyers.com\/es\/wp-json\/wp\/v2\/pages\/1772\/revisions"}],"predecessor-version":[{"id":3328,"href":"https:\/\/capstonelawyers.com\/es\/wp-json\/wp\/v2\/pages\/1772\/revisions\/3328"}],"up":[{"embeddable":true,"href":"https:\/\/capstonelawyers.com\/es\/wp-json\/wp\/v2\/pages\/1766"}],"wp:attachment":[{"href":"https:\/\/capstonelawyers.com\/es\/wp-json\/wp\/v2\/media?parent=1772"}],"curies":[{"name":"wp","href":"https:\/\/api.w.org\/{rel}","templated":true}]}}