{"id":1773,"date":"2013-02-04T12:46:16","date_gmt":"2013-02-04T20:46:16","guid":{"rendered":"http:\/\/10.129.3.208\/CapstoneNew\/?page_id=20"},"modified":"2021-09-16T17:41:13","modified_gmt":"2021-09-17T00:41:13","slug":"co-counsel","status":"publish","type":"page","link":"https:\/\/capstonelawyers.com\/es\/co-counsel\/","title":{"rendered":"Consejo Conjunto"},"content":{"rendered":"<p>En muchos casos, nuestros casos nos llegan a trav\u00e9s de las relaciones que hemos establecido con otros abogados con el paso del tiempo. De hecho, frecuentemente somos referidos clientes por abogados que practican en diferentes \u00e1reas del derecho, o que simplemente no tienen los recursos para tomar acciones colectivas, representativas o masivas por su cuenta.<\/p>\n<p>El compromiso, el talento y los amplios recursos de Capstone Law tambi\u00e9n nos permiten entablar relaciones estrat\u00e9gicas de co-consejer\u00eda con firmas m\u00e1s peque\u00f1as o individuales. Estos abogados tienen grandes ideas para casos en las \u00e1reas de trabajo y empleo, consumo, valores, denunciantes, defectos automotrices, antimonopolio u otras \u00e1reas tradicionales de pr\u00e1ctica de demandantes. Al asociarse con nosotros, muchos abogados descubren que pueden enfrentarse con confianza a firmas de defensa m\u00e1s grandes y bien financiadas que las corporaciones contratan para representar sus intereses.<\/p>\n<p>Estamos equipados para tomar casos en diferentes puntos del proceso contradictorio, ya sea que un asunto se encuentre en la etapa de verificaci\u00f3n o investigaci\u00f3n, en negociaciones de conciliaci\u00f3n, en juicio o ya en apelaci\u00f3n. Podemos manejar alegatos, descubrimientos, mociones de certificaci\u00f3n de clase, mociones de juicio sumario, la contrataci\u00f3n y entrevista de expertos y la preparaci\u00f3n de juicios, as\u00ed como apelaciones y \u00f3rdenes judiciales. Tambi\u00e9n somos igualmente expertos en trabajar para nuestros clientes fuera de la sala del tribunal, ya sea en negociaciones para un arreglo, mediaci\u00f3n o arbitraje.<\/p>\n<p>Consideramos que nuestras fuentes de referencia y co-asesores estrat\u00e9gicos son colegas valiosos con los que esperamos trabajar en los pr\u00f3ximos a\u00f1os. Al igual que con todas las relaciones que desarrollamos, nos adherimos a los est\u00e1ndares de responsabilidad profesional en cada etapa y cumplimos con las reglas \u00e9ticas de reparto de honorarios relevantes.<\/p>\n<p>Si est\u00e1 interesado en hablar sobre una remisi\u00f3n o una relaci\u00f3n de co-consejer\u00eda, comun\u00edquese con el director de nuestro departamento de asuntos nuevos, <a href=\"mailto:Jamie.Greene@CapstoneLawyers.com\">Jamie Greene<\/a>.<\/p>\n","protected":false},"excerpt":{"rendered":"<p>En muchos casos, nuestros casos nos llegan a trav\u00e9s de las relaciones que hemos establecido con otros abogados con el paso del tiempo. De hecho, frecuentemente somos referidos clientes por abogados que practican en diferentes \u00e1reas del derecho, o que simplemente no tienen los recursos para tomar acciones colectivas, representativas o masivas por su cuenta. [&hellip;]<\/p>\n","protected":false},"author":1,"featured_media":0,"parent":0,"menu_order":0,"comment_status":"open","ping_status":"open","template":"template-page.php","meta":[],"_links":{"self":[{"href":"https:\/\/capstonelawyers.com\/es\/wp-json\/wp\/v2\/pages\/1773"}],"collection":[{"href":"https:\/\/capstonelawyers.com\/es\/wp-json\/wp\/v2\/pages"}],"about":[{"href":"https:\/\/capstonelawyers.com\/es\/wp-json\/wp\/v2\/types\/page"}],"author":[{"embeddable":true,"href":"https:\/\/capstonelawyers.com\/es\/wp-json\/wp\/v2\/users\/1"}],"replies":[{"embeddable":true,"href":"https:\/\/capstonelawyers.com\/es\/wp-json\/wp\/v2\/comments?post=1773"}],"version-history":[{"count":11,"href":"https:\/\/capstonelawyers.com\/es\/wp-json\/wp\/v2\/pages\/1773\/revisions"}],"predecessor-version":[{"id":3330,"href":"https:\/\/capstonelawyers.com\/es\/wp-json\/wp\/v2\/pages\/1773\/revisions\/3330"}],"wp:attachment":[{"href":"https:\/\/capstonelawyers.com\/es\/wp-json\/wp\/v2\/media?parent=1773"}],"curies":[{"name":"wp","href":"https:\/\/api.w.org\/{rel}","templated":true}]}}