{"id":1775,"date":"2013-02-04T12:46:45","date_gmt":"2013-02-04T20:46:45","guid":{"rendered":"http:\/\/10.129.3.208\/CapstoneNew\/?page_id=22"},"modified":"2022-07-21T09:23:30","modified_gmt":"2022-07-21T16:23:30","slug":"resources","status":"publish","type":"page","link":"https:\/\/capstonelawyers.com\/es\/resources\/","title":{"rendered":"Recursos"},"content":{"rendered":"<p>Los recursos a continuaci\u00f3n representan una muestra representativa de herramientas ayudantes que los abogados de Capstone Law a menudo usan o recomiendan en el curso de su trabajo con clientes y co-asesores. Aunque esta p\u00e1gina puede proveer acceso a informaci\u00f3n actualizada y oportuna sobre una serie de problemas generales, comun\u00edquese con nosotros directamente para obtener ayuda con un caso o consulta espec\u00edficos.<\/p>\n<p>La lista de estos recursos no debe interpretarse como un respaldo de las opiniones expresadas en ellos, ni la reproducci\u00f3n de esta informaci\u00f3n constituye la prestaci\u00f3n de asesoramiento legal. Consulte nuestro\u00a0<a title=\"Aviso legal\" href=\"https:\/\/capstonelawyers.com\/es\/disclaimer\/\">Aviso legal<\/a>\u00a0y\u00a0<a title=\"Pol\u00edtica De Privacidad\" href=\"https:\/\/capstonelawyers.com\/es\/privacy-policy\/\">Pol\u00edtica De Privacidad<\/a>\u00a0para obtener m\u00e1s informaci\u00f3n.<\/p>\n<p><a href=\"http:\/\/www.bbb.org\/\" target=\"_blank\" rel=\"noopener\">THE BETTER BUSINESS BUREAU<\/a><br \/>\nEl sitio web proporciona enlaces y herramientas oportunos e informativos para los consumidores sobre negocios locales y regionales, avisos de estafa y evaluaciones de veracidad publicitaria. Tambi\u00e9n hay enlaces a organismos legales y regulatorios que pueden ayudar a procesar quejas y una lista completa de la informaci\u00f3n de contacto del Better Business Bureau en los Estados Unidos y Canad\u00e1.<\/p>\n<p><a href=\"http:\/\/www.cpuc.ca.gov\/puc\/\" target=\"_blank\" rel=\"noopener\">CALIFORNIA PUBLIC UTILITIES COMMISSION<\/a><br \/>\nLa CPUC protege a los consumidores y asegura la provisi\u00f3n de infraestructura y servicios p\u00fablicos seguros y confiables a tarifas razonables mientras se compromete con la conservaci\u00f3n del medio ambiente. La Comisi\u00f3n regula los servicios p\u00fablicos en el estado y su sitio web proporciona abundante informaci\u00f3n sobre las iniciativas de la CPUC y su impacto en el bienestar del consumidor.<\/p>\n<p><a href=\"http:\/\/www.autosafety.org\/\" target=\"_blank\" rel=\"noopener\">CENTER FOR AUTO SAFETY<\/a><br \/>\nConsumers Union y Ralph Nader fundaron el Centro de Seguridad Automotriz (CAS) en 1970 para brindarles a los consumidores una voz a favor de la seguridad y la calidad de los autom\u00f3viles en Washington y para ayudar a los propietarios de \u201clemons\u201d a luchar en todo el pa\u00eds. El sitio web tiene muchos consejos \u00fatiles y oportunos para los consumidores sobre defectos espec\u00edficos de autom\u00f3viles, investigaciones de defectos, retiradas del mercado, demandas de productos y m\u00e1s.<\/p>\n<p><a href=\"http:\/\/www.consumer-action.org\/\" target=\"_blank\" rel=\"noopener\">CONSUMER ACTION<\/a><br \/>\nLa acci\u00f3n del consumidor permite a los consumidores sub-representados en todo el pa\u00eds hacer valer sus derechos en el mercado y prosperar financieramente. El sitio contiene enlaces y recursos \u00fatiles para los consumidores de todo el pa\u00eds.<\/p>\n<p><a href=\"http:\/\/consumerfed.org\/\" target=\"_blank\" rel=\"noopener\">CONSUMER FEDERATION OF AMERICA<\/a><br \/>\nThe Consumer Federation of America (CFA) es una asociaci\u00f3n de organizaciones de consumidores sin fines de lucro que se estableci\u00f3 en 1968 para promover el inter\u00e9s del consumidor a trav\u00e9s de la investigaci\u00f3n, la defensa y la educaci\u00f3n. El sitio web ofrece consejos \u00fatiles sobre c\u00f3mo evitar el fraude al consumidor, un buen resumen de problemas oportunos y recursos para las v\u00edctimas de fraude al consumidor o defectos del producto.<\/p>\n<p><a href=\"http:\/\/www.consumer.gov\/\" target=\"_blank\" rel=\"noopener\">CONSUMER.GOV<\/a><br \/>\nEste es un portal completo de informaci\u00f3n sobre leyes y regulaciones federales que afectan a los consumidores.<\/p>\n<p><a href=\"https:\/\/www.consumerreports.org\/\" target=\"_blank\" rel=\"noopener\">CONSUMERS UNION<\/a><br \/>\nConsumers Union (CU) es una organizaci\u00f3n experta, independiente y sin fines de lucro cuya misi\u00f3n es trabajar por un mercado justo y seguro para todos los consumidores y capacitar a los consumidores para que se protejan a s\u00ed mismos. CU publica Consumer Reports y ConsumerReports.org. El sitio contiene enlaces y herramientas \u00fatiles para los consumidores.<\/p>\n<p><a href=\"http:\/\/www.fcc.gov\/\" target=\"_blank\" rel=\"noopener\">FEDERAL COMMUNICATIONS COMMISSION<\/a><br \/>\nThe Federal Communications Commission regula las comunicaciones interestatales e internacionales por radio, televisi\u00f3n, cable, sat\u00e9lite y cable en los 50 estados, el Distrito de Columbia y los territorios de EE. UU. El sitio proporciona herramientas \u00fatiles para los consumidores que desean saber m\u00e1s sobre sus derechos en lo que respecta a las relaciones con los proveedores de estos servicios.<\/p>\n<p><a href=\"http:\/\/www.kidsindanger.org\/\" target=\"_blank\" rel=\"noopener\">KIDS IN DANGER<\/a><br \/>\nKids In Danger (KID) es una organizaci\u00f3n sin fines de lucro dedicada a proteger a los ni\u00f1os mejorando la seguridad de los productos para ni\u00f1os. KID fue fundado en 1998 por los padres de Danny Keysar, de diecis\u00e9is meses, que muri\u00f3 en su casa de cuidado infantil de Chicago cuando una cuna port\u00e1til se derrumb\u00f3 alrededor de su cuello. El sitio web proporciona una gran base de datos de peligros reportados para beb\u00e9s y ni\u00f1os.<\/p>\n<p><a href=\"http:\/\/naca.net\/\" target=\"_blank\" rel=\"noopener\">NATIONAL ASSOCIATION OF CONSUMER ADVOCATES<\/a><br \/>\nNational Association of Consumer Advocates (NACA) es una asociaci\u00f3n sin fines de lucro de abogados y defensores del consumidor comprometidos a representar los intereses de los clientes. El sitio contiene enlaces e informaci\u00f3n \u00fatiles sobre iniciativas legislativas en beneficio de los consumidores.<\/p>\n<p><a href=\"http:\/\/www.nclc.org\/\" target=\"_blank\" rel=\"noopener\">NATIONAL CONSUMER LAW CENTER<\/a><br \/>\nDesde 1969, el National Consumer Law Center, una organizaci\u00f3n sin fines de lucro, ha utilizado su experiencia en derecho del consumidor y pol\u00edtica energ\u00e9tica para trabajar por la justicia del consumidor y la seguridad econ\u00f3mica para las personas de bajos ingresos y otras personas desfavorecidas en los Estados Unidos. El sitio ofrece una base de datos de recursos e informaci\u00f3n adicional sobre las organizaciones y sus causas.<\/p>\n<p><a href=\"http:\/\/nclnet.org\/\" target=\"_blank\" rel=\"noopener\">NATIONAL CONSUMERS LEAGUE<\/a><br \/>\nLa National Consumers League es la organizaci\u00f3n de consumidores m\u00e1s antigua de Estados Unidos, que representa a consumidores y trabajadores en temas de mercado y lugar de trabajo desde nuestra fundaci\u00f3n en 1899. NCL brinda al gobierno, empresas y otras organizaciones la perspectiva del consumidor sobre preocupaciones como el trabajo infantil, la privacidad, la seguridad alimentaria y informaci\u00f3n sobre medicamentos. NCL es el hogar del programa LifeSmarts, Child Labor Coalition, NCL&#8217;s Fraud Center y SOS Rx Coalition.<\/p>\n<p><a href=\"http:\/\/www.fraud.org\/\" target=\"_blank\" rel=\"noopener\">NATIONAL FRAUD INFORMATION CENTER<\/a><br \/>\nUna base de datos completa con la informaci\u00f3n m\u00e1s actualizada sobre una gran variedad de tipos de fraude y reclamaciones diferentes. El sitio web tambi\u00e9n proporciona informaci\u00f3n sobre el Servicio de Asistencia al Consumidor gratuito del Centro, para ayudar a los consumidores con preguntas sobre solicitudes telef\u00f3nicas o por correo, informes de fraude, servicios de referencia y d\u00f3nde obtener ayuda para presentar quejas.<\/p>\n<p><a href=\"http:\/\/www.nhtsa.gov\/\" target=\"_blank\" rel=\"noopener\">THE NATIONAL HIGHWAY TRAFFIC SAFETY ADMINISTRATION<\/a><br \/>\nEl sitio web proporciona amplia informaci\u00f3n sobre las reglas y regulaciones de carreteras actuales y los derechos del consumidor en torno a la seguridad vehicular, incluyendo listas oportunas de retiradas de productos y defectos relacionados con autom\u00f3viles y accesorios relacionados con los autom\u00f3viles.<\/p>\n<p><a href=\"http:\/\/www.citizen.org\/Page.aspx?pid=183\" target=\"_blank\" rel=\"noopener\">PUBLIC CITIZEN<\/a><br \/>\nPublic Citizen sirve como la voz de la gente en la capital de la naci\u00f3n. Desde su creaci\u00f3n en 1971, la organizaci\u00f3n ha trabajado para garantizar que todos los ciudadanos est\u00e9n representados en los pasillos del poder. El sitio ofrece informaci\u00f3n sobre las diferentes \u00e1reas de trabajo que realizan, un directorio de personal e informaci\u00f3n de patrocinio.<\/p>\n<p><a href=\"http:\/\/www.cpsc.gov\/\" target=\"_blank\" rel=\"noopener\">U.S. CONSUMER PRODUCT SAFETY COMMISSION<\/a><br \/>\nLa CPSC es una comisi\u00f3n federal encargada de proteger al p\u00fablico de riesgos irrazonables de lesiones o muerte asociados con el uso de productos de consumo bajo la jurisdicci\u00f3n de la agencia. El sitio ofrece enlaces \u00fatiles a contactos clave, actualizaciones legislativas, retiradas de productos y otros consejos \u00fatiles para los consumidores.<\/p>\n<p><a href=\"http:\/\/uspirg.org\/\" target=\"_blank\" rel=\"noopener\">U.S. PUBLIC INTEREST RESEARCH GROUP<\/a><br \/>\nU.S. PIRG es un grupo de consumidores que se enfrenta a intereses poderosos cada vez que amenazan la salud y la seguridad, la seguridad financiera o los derechos de las personas a participar plenamente en la sociedad democr\u00e1tica. El sitio contiene una descripci\u00f3n general de la misi\u00f3n y las actividades de la agencia, as\u00ed como una lista de problemas y formas de participar.<\/p>\n","protected":false},"excerpt":{"rendered":"<p>Los recursos a continuaci\u00f3n representan una muestra representativa de herramientas ayudantes que los abogados de Capstone Law a menudo usan o recomiendan en el curso de su trabajo con clientes y co-asesores. Aunque esta p\u00e1gina puede proveer acceso a informaci\u00f3n actualizada y oportuna sobre una serie de problemas generales, comun\u00edquese con nosotros directamente para obtener [&hellip;]<\/p>\n","protected":false},"author":1,"featured_media":0,"parent":0,"menu_order":0,"comment_status":"open","ping_status":"open","template":"template-page.php","meta":[],"_links":{"self":[{"href":"https:\/\/capstonelawyers.com\/es\/wp-json\/wp\/v2\/pages\/1775"}],"collection":[{"href":"https:\/\/capstonelawyers.com\/es\/wp-json\/wp\/v2\/pages"}],"about":[{"href":"https:\/\/capstonelawyers.com\/es\/wp-json\/wp\/v2\/types\/page"}],"author":[{"embeddable":true,"href":"https:\/\/capstonelawyers.com\/es\/wp-json\/wp\/v2\/users\/1"}],"replies":[{"embeddable":true,"href":"https:\/\/capstonelawyers.com\/es\/wp-json\/wp\/v2\/comments?post=1775"}],"version-history":[{"count":11,"href":"https:\/\/capstonelawyers.com\/es\/wp-json\/wp\/v2\/pages\/1775\/revisions"}],"predecessor-version":[{"id":3399,"href":"https:\/\/capstonelawyers.com\/es\/wp-json\/wp\/v2\/pages\/1775\/revisions\/3399"}],"wp:attachment":[{"href":"https:\/\/capstonelawyers.com\/es\/wp-json\/wp\/v2\/media?parent=1775"}],"curies":[{"name":"wp","href":"https:\/\/api.w.org\/{rel}","templated":true}]}}