{"id":1777,"date":"2013-02-04T12:49:27","date_gmt":"2013-02-04T20:49:27","guid":{"rendered":"http:\/\/10.129.3.208\/CapstoneNew\/?page_id=39"},"modified":"2021-09-17T15:38:45","modified_gmt":"2021-09-17T22:38:45","slug":"careers","status":"publish","type":"page","link":"https:\/\/capstonelawyers.com\/es\/careers\/","title":{"rendered":"Carreras"},"content":{"rendered":"<p><strong><span style=\"color: #ee4411;\">CULTURA DEL \u00c1MBITO LABORAL<\/span><\/strong><br \/>\nCapstone Law fomenta la autonom\u00eda y un fuerte sentido de agencia personal en todos nuestros empleados, al tiempo que proporciona los recursos y herramientas necesarios para desarrollar carreras significativas. En Capstone, nuestros nuevos empleados encontrar\u00e1n un entorno diverso y enriquecedor, y un \u00e1mbito laboral cordial, en\u00e9rgico y proactivo. Alentamos a los abogados y al personal a comunicar nuevas ideas y enfoques diferentes, al mismo tiempo que fomentamos el respeto por la experiencia y el aprecio por las estrategias probadas por el tiempo.<\/p>\n<p><span style=\"color: #ee4411;\"><strong>ABOGADOS LATERALES<\/strong><\/span><br \/>\nBuscamos contratar abogados con experiencia y capacitaci\u00f3n en una variedad de disciplinas legales, tanto del sector p\u00fablico como del privado. Los candidatos deben tener experiencia en algunas \u00e1reas relevantes de la ley, incluidos el trabajo y el empleo, valores, denunciantes o litigios de consumidores. La firma tambi\u00e9n busca experiencia en demandas colectivas, agravios masivos y otros litigios representativos o de m\u00faltiples partes. Ofrecemos a los abogados junior una gran oportunidad para encontrar inspiraci\u00f3n y orientaci\u00f3n, mientras que los abogados m\u00e1s experimentados se beneficiar\u00e1n de compa\u00f1eros de ideas afines abiertos a la colaboraci\u00f3n y al libre intercambio de conocimientos e ideas. Lo invitamos a enviar un curr\u00edculum vitae y una carta de presentaci\u00f3n y nos comunicaremos con usted en caso de que surja una oportunidad adecuada.<\/p>\n<p><span style=\"color: #ee4411;\"><strong>ESTUDIANTES DE DERECHO<\/strong><\/span><br \/>\nComo firma, reconocemos que los estudiantes de derecho de hoy ser\u00e1n los abogados que forjen el marco legal y la pol\u00edtica p\u00fablica del ma\u00f1ana. Aunque no tenemos un programa de asociados de verano formal, estamos interesados \u200b\u200ben escuchar a estudiantes de derecho y secretarios judiciales brillantes y entusiastas que desean un entorno creativo y din\u00e1mico desde el cual lanzar sus carreras legales. Lo invitamos a enviar un curr\u00edculum vitae y una carta de presentaci\u00f3n y nos comunicaremos con usted en caso de que surja una oportunidad adecuada.<\/p>\n<p><strong><span style=\"color: #ee4411;\">PERSONAL PROFESIONAL<\/span><\/strong> <span style=\"color: #ee4411;\"><strong>STAFF<\/strong><\/span><br \/>\nUn bufete de abogados de nuestro tama\u00f1o y alcance no puede funcionar sin las habilidades excepcionales y el arduo trabajo de un personal profesional. Siempre estamos interesados \u200b\u200ben entrevistar a asistentes legales altamente capacitados, personal de TI, expertos en marketing y personal administrativo. Si eres emprendedor con esp\u00edritu emprendedor y est\u00e1s dispuesto a trabajar duro en proyectos significativos en un ambiente acelerado, nos gustar\u00eda saber de ti. Env\u00ede un curr\u00edculum vitae y una carta de presentaci\u00f3n y nos comunicaremos con usted en caso de que surja una oportunidad adecuada.<\/p>\n<p><span style=\"color: #ee4411;\"><strong>CONTACTO DE RECLUTAMIENTO<\/strong><\/span><br \/>\nCapstone Law quiere escuchar a candidatos con las credenciales y el entusiasmo para prosperar en nuestra firma. Ofrecemos la oportunidad de trabajar con algunos de los abogados m\u00e1s innovadores y expertos que ejercen hoy en d\u00eda, junto con paquetes competitivos de compensaci\u00f3n y beneficios tanto para abogados como para profesionales. Comun\u00edquese con nuestra contratante, <a href=\"mailto:Rebecca.Labat@CapstoneLawyers.com\" target=\"_blank\" rel=\"noopener\">Rebecca Labat<\/a> para obtener m\u00e1s informaci\u00f3n o enviar su curr\u00edculum.<\/p>\n","protected":false},"excerpt":{"rendered":"<p>CULTURA DEL \u00c1MBITO LABORAL Capstone Law fomenta la autonom\u00eda y un fuerte sentido de agencia personal en todos nuestros empleados, al tiempo que proporciona los recursos y herramientas necesarios para desarrollar carreras significativas. En Capstone, nuestros nuevos empleados encontrar\u00e1n un entorno diverso y enriquecedor, y un \u00e1mbito laboral cordial, en\u00e9rgico y proactivo. Alentamos a los [&hellip;]<\/p>\n","protected":false},"author":1,"featured_media":0,"parent":0,"menu_order":0,"comment_status":"open","ping_status":"open","template":"template-page.php","meta":[],"_links":{"self":[{"href":"https:\/\/capstonelawyers.com\/es\/wp-json\/wp\/v2\/pages\/1777"}],"collection":[{"href":"https:\/\/capstonelawyers.com\/es\/wp-json\/wp\/v2\/pages"}],"about":[{"href":"https:\/\/capstonelawyers.com\/es\/wp-json\/wp\/v2\/types\/page"}],"author":[{"embeddable":true,"href":"https:\/\/capstonelawyers.com\/es\/wp-json\/wp\/v2\/users\/1"}],"replies":[{"embeddable":true,"href":"https:\/\/capstonelawyers.com\/es\/wp-json\/wp\/v2\/comments?post=1777"}],"version-history":[{"count":8,"href":"https:\/\/capstonelawyers.com\/es\/wp-json\/wp\/v2\/pages\/1777\/revisions"}],"predecessor-version":[{"id":3342,"href":"https:\/\/capstonelawyers.com\/es\/wp-json\/wp\/v2\/pages\/1777\/revisions\/3342"}],"wp:attachment":[{"href":"https:\/\/capstonelawyers.com\/es\/wp-json\/wp\/v2\/media?parent=1777"}],"curies":[{"name":"wp","href":"https:\/\/api.w.org\/{rel}","templated":true}]}}