{"id":1782,"date":"2013-02-05T15:12:31","date_gmt":"2013-02-05T23:12:31","guid":{"rendered":"http:\/\/10.129.3.208\/CapstoneNew\/?page_id=54"},"modified":"2021-09-17T15:56:37","modified_gmt":"2021-09-17T22:56:37","slug":"disclaimer","status":"publish","type":"page","link":"https:\/\/capstonelawyers.com\/es\/disclaimer\/","title":{"rendered":"Descargo de responsabilidad"},"content":{"rendered":"<p>La informaci\u00f3n contenida en este sitio ha sido creada por Capstone Law APC \u00fanicamente con fines informativos y no es, ni pretende ser, un consejo legal. Los lectores en l\u00ednea no deben actuar, o negarse a actuar, bas\u00e1ndose en el contenido de este sitio sin antes consultar a un abogado u otro profesional apropiado. Capstone Law APC no busca representar a ninguna persona bas\u00e1ndose \u00fanicamente en la visita de esa persona a este sitio web.<\/p>\n<p>La transmisi\u00f3n de la informaci\u00f3n en este sitio no constituye una relaci\u00f3n abogado-cliente. Adem\u00e1s, contactarnos, ya sea a trav\u00e9s de este sitio web o por otros medios, no crea una relaci\u00f3n abogado-cliente.<\/p>\n<p>Los abogados de Capstone Law APC tienen licencia para ejercer en el estado de California. Capstone Law APC mantiene sus oficinas legales en el \u00e1rea de Century City de Los \u00c1ngeles, California y ejerce la abogac\u00eda en el estado de California en los tribunales estatales y federales. Nos asociamos con abogados locales cuando es necesario en litigios fuera de California.<\/p>\n","protected":false},"excerpt":{"rendered":"<p>La informaci\u00f3n contenida en este sitio ha sido creada por Capstone Law APC \u00fanicamente con fines informativos y no es, ni pretende ser, un consejo legal. Los lectores en l\u00ednea no deben actuar, o negarse a actuar, bas\u00e1ndose en el contenido de este sitio sin antes consultar a un abogado u otro profesional apropiado. Capstone [&hellip;]<\/p>\n","protected":false},"author":1,"featured_media":0,"parent":0,"menu_order":0,"comment_status":"open","ping_status":"open","template":"template-page.php","meta":[],"_links":{"self":[{"href":"https:\/\/capstonelawyers.com\/es\/wp-json\/wp\/v2\/pages\/1782"}],"collection":[{"href":"https:\/\/capstonelawyers.com\/es\/wp-json\/wp\/v2\/pages"}],"about":[{"href":"https:\/\/capstonelawyers.com\/es\/wp-json\/wp\/v2\/types\/page"}],"author":[{"embeddable":true,"href":"https:\/\/capstonelawyers.com\/es\/wp-json\/wp\/v2\/users\/1"}],"replies":[{"embeddable":true,"href":"https:\/\/capstonelawyers.com\/es\/wp-json\/wp\/v2\/comments?post=1782"}],"version-history":[{"count":9,"href":"https:\/\/capstonelawyers.com\/es\/wp-json\/wp\/v2\/pages\/1782\/revisions"}],"predecessor-version":[{"id":3345,"href":"https:\/\/capstonelawyers.com\/es\/wp-json\/wp\/v2\/pages\/1782\/revisions\/3345"}],"wp:attachment":[{"href":"https:\/\/capstonelawyers.com\/es\/wp-json\/wp\/v2\/media?parent=1782"}],"curies":[{"name":"wp","href":"https:\/\/api.w.org\/{rel}","templated":true}]}}