{"id":1783,"date":"2013-02-25T11:21:16","date_gmt":"2013-02-25T19:21:16","guid":{"rendered":"http:\/\/10.129.3.208\/CapstoneNew\/?page_id=764"},"modified":"2023-03-02T14:32:24","modified_gmt":"2023-03-02T22:32:24","slug":"raul-perez","status":"publish","type":"page","link":"https:\/\/capstonelawyers.com\/es\/our-attorneys\/raul-perez\/","title":{"rendered":"Ra\u00fal P\u00e9rez"},"content":{"rendered":"<p><strong>Ra\u00fal P\u00e9rez<\/strong> es socio de Capstone Law. Su pr\u00e1ctica se enfoca en litigios complejos, incluyendo demandas colectivas de consumidores y de salarios y horas. A lo largo de su carrera, ha representado a clientes en varios juicios con jurado y audiencias de arbitraje que involucran disputas multimillonarias. Ra\u00fal negoci\u00f3 con \u00e9xito acuerdos aprobados por la corte en decenas de demandas colectivas por un total de m\u00e1s de $ 50 millones.<\/p>\n<p>Ra\u00fal recibi\u00f3 su entrenamiento en derecho laboral y empleo en Morgan Lewis &#038; Bockius, y pas\u00f3 a trabajar para varias otras firmas prominentes como asociado y socio, donde su pr\u00e1ctica incluy\u00f3 la defensa de reclamos por agravios t\u00f3xicos y la representaci\u00f3n de varias compa\u00f1\u00edas de entretenimiento y artistas. Ra\u00fal tambi\u00e9n sirvi\u00f3 una asignaci\u00f3n de seis meses como Asistente del Asesor Legal Interino Especial de la Ciudad de South Gate, donde form\u00f3 parte de un equipo legal asignado para restaurar la integridad y el buen gobierno en la ciudad plagada de esc\u00e1ndalos. Ra\u00fal se gradu\u00f3 de la Facultad de Derecho de Harvard (&#8217;94) y recibi\u00f3 su licenciatura en Gobierno de la Universidad de Harvard (&#8217;90). Ra\u00fal tambi\u00e9n fue miembro del Senado de la Legislatura de California en 1991. Ra\u00fal fue reconocido recientemente como uno de los ganadores de los premios Abogados del A\u00f1o de California (CLAY) 2015 por su trabajo en <em>Iskanian v. CLS Transportation Los Angeles<\/em>, 59 Cal. 4th 348 (2014), un fallo de alto perfil de la Corte Suprema de California que preserva los derechos de los empleados para presentar reclamos salariales en los tribunales bajo la Ley General de Abogados Privados de California de 2004, en lugar de a trav\u00e9s de arbitraje.<\/p>\n<p>Ra\u00fal est\u00e1 admitido para ejercer la abogac\u00eda en California y ante el Tribunal de Distrito de los Estados Unidos para los Distritos Norte, Este, Centro y Sur de California y el Tribunal de Apelaciones de los Estados Unidos para el Noveno Circuito. Se desempe\u00f1\u00f3 como Comisionado de los Aeropuertos Mundiales de Los \u00c1ngeles y del Comit\u00e9 de Pensiones de Bomberos y Polic\u00eda de Los \u00c1ngeles. Ra\u00fal tambi\u00e9n es el ex presidente de la Asociaci\u00f3n de Abogados Latinos. En los \u00faltimos a\u00f1os, se ha desempe\u00f1ado en la junta directiva de Padres Contra El Cancer, Latino Theatre Company, Girls Inc. y Chicano Latino Youth Leadership Project. Actualmente sirve como el Presidente de la Comisi\u00f3n de Servicio Civil de Los \u00c1ngeles y es miembro de la Junta de Asesores del Fondo de Becas Hispanas.<\/p>\n","protected":false},"excerpt":{"rendered":"<p>Ra\u00fal P\u00e9rez es socio de Capstone Law. Su pr\u00e1ctica se enfoca en litigios complejos, incluyendo demandas colectivas de consumidores y de salarios y horas. A lo largo de su carrera, ha representado a clientes en varios juicios con jurado y audiencias de arbitraje que involucran disputas multimillonarias. Ra\u00fal negoci\u00f3 con \u00e9xito acuerdos aprobados por la [&hellip;]<\/p>\n","protected":false},"author":1,"featured_media":0,"parent":2396,"menu_order":0,"comment_status":"open","ping_status":"open","template":"template-bio.php","meta":[],"_links":{"self":[{"href":"https:\/\/capstonelawyers.com\/es\/wp-json\/wp\/v2\/pages\/1783"}],"collection":[{"href":"https:\/\/capstonelawyers.com\/es\/wp-json\/wp\/v2\/pages"}],"about":[{"href":"https:\/\/capstonelawyers.com\/es\/wp-json\/wp\/v2\/types\/page"}],"author":[{"embeddable":true,"href":"https:\/\/capstonelawyers.com\/es\/wp-json\/wp\/v2\/users\/1"}],"replies":[{"embeddable":true,"href":"https:\/\/capstonelawyers.com\/es\/wp-json\/wp\/v2\/comments?post=1783"}],"version-history":[{"count":25,"href":"https:\/\/capstonelawyers.com\/es\/wp-json\/wp\/v2\/pages\/1783\/revisions"}],"predecessor-version":[{"id":3405,"href":"https:\/\/capstonelawyers.com\/es\/wp-json\/wp\/v2\/pages\/1783\/revisions\/3405"}],"up":[{"embeddable":true,"href":"https:\/\/capstonelawyers.com\/es\/wp-json\/wp\/v2\/pages\/2396"}],"wp:attachment":[{"href":"https:\/\/capstonelawyers.com\/es\/wp-json\/wp\/v2\/media?parent=1783"}],"curies":[{"name":"wp","href":"https:\/\/api.w.org\/{rel}","templated":true}]}}