{"id":1784,"date":"2013-02-25T11:55:04","date_gmt":"2013-02-25T19:55:04","guid":{"rendered":"http:\/\/10.129.3.208\/CapstoneNew\/our-attorneys\/rebecca-labat\/"},"modified":"2021-11-18T11:39:50","modified_gmt":"2021-11-18T19:39:50","slug":"rebecca-labat","status":"publish","type":"page","link":"https:\/\/capstonelawyers.com\/es\/our-attorneys\/rebecca-labat\/","title":{"rendered":"Rebecca Labat"},"content":{"rendered":"<p><span style=\"color: #ee4411;\"><strong>Rebecca Labat<\/strong><\/span> es socia de Capstone Law. Ella supervisa la fase previa al litigio para todos los casos de la firma, incluyendo la investigaci\u00f3n, el an\u00e1lisis y la consulta con el cliente. Tambi\u00e9n maneja las relaciones de co-asesor\u00eda de la firma y ayuda a los otros socios y asesores senior de la firma con la gesti\u00f3n de casos y la estrategia de litigio. Sus cumplimientos profesionales representando a consumidores y empleados en acciones colectivas incluyen la certificaci\u00f3n de una clase de aproximadamente 3,200 t\u00e9cnicos automovil\u00edsticos actuales y anteriores, y empleados de talleres por el error de c\u00e1lculo de la tarifa regular con el prop\u00f3sito de pagar sobresueldos por descansos de comidas y descansos perdidas.<\/p>\n<p>Antes de su trabajo representando a los demandantes en acciones colectivas y representativas, Rebecca fue abogada de Wilson Elser y represent\u00f3 a aseguradoras de vida, salud y discapacidad en litigios en todo California en los tribunales estatales y federales. Se gradu\u00f3 de la Facultad de Derecho Hastings de la Universidad de California en 2002, donde fue miembro de la Cl\u00ednica de Justicia Civil Hastings, se desempe\u00f1\u00f3 como mediadora en el Tribunal de Reclamos Menores de la ciudad y el condado de San Francisco y recibi\u00f3 el premio CALI para la excelencia en la resoluci\u00f3n alternativa de disputas. Recibi\u00f3 su t\u00edtulo universitario de la Universidad de California, Los \u00c1ngeles.<\/p>\n<p>Rebecca est\u00e1 admitida para ejercer la abogac\u00eda en California y ante el Tribunal de Distrito de los Estados Unidos para los distritos del Norte, Este, Centro y Sur de California. Es miembro de la Asociaci\u00f3n Nacional de Abogados Laborales (NELA), la Asociaci\u00f3n de Abogados del Consumidor de Los \u00c1ngeles (CAALA) y la Asociaci\u00f3n de Abogados de Beverly Hills.<\/p>\n","protected":false},"excerpt":{"rendered":"<p>Rebecca Labat es socia de Capstone Law. Ella supervisa la fase previa al litigio para todos los casos de la firma, incluyendo la investigaci\u00f3n, el an\u00e1lisis y la consulta con el cliente. Tambi\u00e9n maneja las relaciones de co-asesor\u00eda de la firma y ayuda a los otros socios y asesores senior de la firma con la [&hellip;]<\/p>\n","protected":false},"author":1,"featured_media":0,"parent":2396,"menu_order":0,"comment_status":"open","ping_status":"open","template":"template-bio.php","meta":[],"_links":{"self":[{"href":"https:\/\/capstonelawyers.com\/es\/wp-json\/wp\/v2\/pages\/1784"}],"collection":[{"href":"https:\/\/capstonelawyers.com\/es\/wp-json\/wp\/v2\/pages"}],"about":[{"href":"https:\/\/capstonelawyers.com\/es\/wp-json\/wp\/v2\/types\/page"}],"author":[{"embeddable":true,"href":"https:\/\/capstonelawyers.com\/es\/wp-json\/wp\/v2\/users\/1"}],"replies":[{"embeddable":true,"href":"https:\/\/capstonelawyers.com\/es\/wp-json\/wp\/v2\/comments?post=1784"}],"version-history":[{"count":20,"href":"https:\/\/capstonelawyers.com\/es\/wp-json\/wp\/v2\/pages\/1784\/revisions"}],"predecessor-version":[{"id":3381,"href":"https:\/\/capstonelawyers.com\/es\/wp-json\/wp\/v2\/pages\/1784\/revisions\/3381"}],"up":[{"embeddable":true,"href":"https:\/\/capstonelawyers.com\/es\/wp-json\/wp\/v2\/pages\/2396"}],"wp:attachment":[{"href":"https:\/\/capstonelawyers.com\/es\/wp-json\/wp\/v2\/media?parent=1784"}],"curies":[{"name":"wp","href":"https:\/\/api.w.org\/{rel}","templated":true}]}}