{"id":1793,"date":"2013-02-25T13:15:56","date_gmt":"2013-02-25T21:15:56","guid":{"rendered":"http:\/\/10.129.3.208\/CapstoneNew\/our-attorneys\/melissa-grant\/"},"modified":"2025-10-16T15:43:31","modified_gmt":"2025-10-16T22:43:31","slug":"melissa-grant","status":"publish","type":"page","link":"https:\/\/capstonelawyers.com\/es\/our-attorneys\/melissa-grant\/","title":{"rendered":"Melissa Grant"},"content":{"rendered":"<p><span style=\"color: #ee4411;\"><strong>Melissa Grant<\/strong><\/span> es socia y abogada litigante principal de Capstone Law. Melissa es responsable de litigar muchas de las acciones colectivas y casos PAGA m\u00e1s controvertidos y de mayor importancia de la firma. Melissa, autora de numerosas mociones exitosas para la certificaci\u00f3n de la clase, es la abogada principal o co-principal en numerosas acciones colectivas certificadas que actualmente est\u00e1n en camino de ser juzgadas, representando a m\u00e1s de cientos de miles de empleados de California en la b\u00fasqueda de sus reclamos de salarios y horas. Tambi\u00e9n est\u00e1 a la vanguardia en el desarrollo de la ley sobre la Ley de Abogados Privados del C\u00f3digo Laboral de California (PAGA), incluido el agotamiento administrativo, el alcance del descubrimiento, la capacidad de administraci\u00f3n y los planes de juicio PAGA. Recientemente, Melissa ha llevado dos casos de PAGA a juicio y ha trabajado en varias decisiones clave de apelaci\u00f3n de PAGA, incluida <em>Williams v. Corte Superior (Marshalls of CA LLC)<\/em>, 3 Cal.5th 531 (2017). Melissa tambi\u00e9n represent\u00f3 al demandante en <em>Davidson v. Seterus<\/em>, Inc. 21 Cal. App. 5th 283 (2018), un caso de primeras impresiones.  Este caso encontr\u00f3 que el Demandado, un administrador de hipotecas, era un cobrador de deudas bajo la ley de \u201cRosenthal Fair Debt Collection Practice Act\u201d de California.  El caso condujo a la promulgaci\u00f3n de una legislaci\u00f3n que incluye expresamente la &#8220;deuda hipotecaria&#8221; dentro de la definici\u00f3n de &#8220;cr\u00e9dito al consumidor&#8221; de la Ley Rosenthal y modifica la Ley Rosenthal para aplicarla expresamente a las actividades de cobro de deudas relacionadas con pr\u00e9stamos hipotecarios residenciales.<\/p>\n<p>Melissa comenz\u00f3 su carrera legal como asistente legal del Honorable Harry Pregerson, Juez, Tribunal de Apelaciones del Noveno Circuito. A partir de entonces, fue asociada de Sidley Austin LLP, donde represent\u00f3 a compa\u00f1\u00edas Fortune 500 en litigios comerciales y demandas colectivas de consumidores. Antes de unirse a Capstone, Melissa fue asociada senior de Quinn Emanuel Trial Attorneys, donde form\u00f3 parte del equipo de juicio que proces\u00f3 a <em>Mattel v. Bratz<\/em> (I), y fue abogada en la Divisi\u00f3n de Cumplimiento de la Comisi\u00f3n de Bolsa y Valores, investigando violaciones en curso de las regulaciones y estatutos federales de valores. Melissa se gradu\u00f3 <em>summa cum laude<\/em> y fue la primera de su clase en Southwestern Law School en 1999, donde se desempe\u00f1\u00f3 como editora en jefe de Law Review. Obtuvo su t\u00edtulo universitario de la Facultad de Artes y Ciencias de la Universidad de Cornell, donde recibi\u00f3 el Premio al Servicio P\u00fablico JFK y el Premio Senior Sobresaliente (clase de graduaci\u00f3n de 4.000 estudiantes).<\/p>\n<p>Melissa est\u00e1 autorizada para ejercer la abogac\u00eda en California y ante el Tribunal de Distrito de los Estados Unidos para los Distritos Norte, Este, Centro y Sur de California y el Tribunal de Apelaciones de los Estados Unidos para el Noveno Circuito. Melissa ha sido panelista y oradora sobre acciones de PAGA y acciones colectivas sobre salarios y horas en varias conferencias anuales y bianuales de la Asociaci\u00f3n de Abogados de California, la Asociaci\u00f3n de Leyes de California y las conferencias de Educaci\u00f3n Continua de Bridgeport. Sus art\u00edculos publicados incluyen: <em>Luchando por los beneficios de ERISA en el Noveno Circuito: Superando el Abuso de Discreci\u00f3n<\/em> Revisi\u00f3n, 28 Sw. U. L. Rev. 93 (1998), y Conferencia CLE Class Actions (SF) CAFA: Decisiones tempranas sobre el inicio y remoci\u00f3n de acciones (2006). Melissa es miembro de la Asociaci\u00f3n de Mujeres Abogadas del Condado de Los \u00c1ngeles, la Asociaci\u00f3n de Abogados del Consumidor de Los \u00c1ngeles (CAALA) y los Abogados del Consumidor de California. Recientemente, Worksafe la nombr\u00f3 Hero\u00edna de la Salud y Seguridad Laboral 2024 por su trabajo en la promoci\u00f3n de la seguridad y la justicia en el lugar de trabajo. Tambi\u00e9n, se desempe\u00f1a actualmente en la Comisi\u00f3n Presidencial de Mujeres en la Profesi\u00f3n Jur\u00eddica de la Asociaci\u00f3n de Abogados del Condado de Los \u00c1ngeles, el Subcomit\u00e9 sobre Prejuicios de G\u00e9nero y Civilidad, y el Subcomit\u00e9 Amicus, y es miembra de la Junta Ejecutiva de la revista Los Angeles Lawyer. Melissa fue reconocida por el Daily Journal como una de las mejores abogadas de la ley laboral y de empleo en 2023 y ha sido seleccionada como una de las &#8220;S\u00faper Abogadas&#8221; del sur de California en 2022, 2023, y 2024.<\/p>\n","protected":false},"excerpt":{"rendered":"<p>Melissa Grant es socia y abogada litigante principal de Capstone Law. Melissa es responsable de litigar muchas de las acciones colectivas y casos PAGA m\u00e1s controvertidos y de mayor importancia de la firma. Melissa, autora de numerosas mociones exitosas para la certificaci\u00f3n de la clase, es la abogada principal o co-principal en numerosas acciones colectivas [&hellip;]<\/p>\n","protected":false},"author":1,"featured_media":0,"parent":2396,"menu_order":0,"comment_status":"open","ping_status":"open","template":"template-bio.php","meta":[],"_links":{"self":[{"href":"https:\/\/capstonelawyers.com\/es\/wp-json\/wp\/v2\/pages\/1793"}],"collection":[{"href":"https:\/\/capstonelawyers.com\/es\/wp-json\/wp\/v2\/pages"}],"about":[{"href":"https:\/\/capstonelawyers.com\/es\/wp-json\/wp\/v2\/types\/page"}],"author":[{"embeddable":true,"href":"https:\/\/capstonelawyers.com\/es\/wp-json\/wp\/v2\/users\/1"}],"replies":[{"embeddable":true,"href":"https:\/\/capstonelawyers.com\/es\/wp-json\/wp\/v2\/comments?post=1793"}],"version-history":[{"count":23,"href":"https:\/\/capstonelawyers.com\/es\/wp-json\/wp\/v2\/pages\/1793\/revisions"}],"predecessor-version":[{"id":3506,"href":"https:\/\/capstonelawyers.com\/es\/wp-json\/wp\/v2\/pages\/1793\/revisions\/3506"}],"up":[{"embeddable":true,"href":"https:\/\/capstonelawyers.com\/es\/wp-json\/wp\/v2\/pages\/2396"}],"wp:attachment":[{"href":"https:\/\/capstonelawyers.com\/es\/wp-json\/wp\/v2\/media?parent=1793"}],"curies":[{"name":"wp","href":"https:\/\/api.w.org\/{rel}","templated":true}]}}