{"id":2396,"date":"2014-11-03T12:31:20","date_gmt":"2014-11-03T20:31:20","guid":{"rendered":"http:\/\/capstonelawyers.com\/es\/our-attorneys\/"},"modified":"2021-09-14T17:36:13","modified_gmt":"2021-09-15T00:36:13","slug":"our-attorneys","status":"publish","type":"page","link":"https:\/\/capstonelawyers.com\/es\/our-attorneys\/","title":{"rendered":"Nuestros Abogados"},"content":{"rendered":"<p>Capstone Law sabe que la habilidad y la dedicaci\u00f3n de sus abogados y su personal son la base de su \u00e9xito. Le invitamos a leer las biograf\u00edas de los abogados de la firma, que se encuentran a continuaci\u00f3n.<\/p>\n","protected":false},"excerpt":{"rendered":"<p>Capstone Law sabe que la habilidad y la dedicaci\u00f3n de sus abogados y su personal son la base de su \u00e9xito. Le invitamos a leer las biograf\u00edas de los abogados de la firma, que se encuentran a continuaci\u00f3n.<\/p>\n","protected":false},"author":1,"featured_media":0,"parent":0,"menu_order":0,"comment_status":"open","ping_status":"open","template":"template-our-attorneys.php","meta":[],"_links":{"self":[{"href":"https:\/\/capstonelawyers.com\/es\/wp-json\/wp\/v2\/pages\/2396"}],"collection":[{"href":"https:\/\/capstonelawyers.com\/es\/wp-json\/wp\/v2\/pages"}],"about":[{"href":"https:\/\/capstonelawyers.com\/es\/wp-json\/wp\/v2\/types\/page"}],"author":[{"embeddable":true,"href":"https:\/\/capstonelawyers.com\/es\/wp-json\/wp\/v2\/users\/1"}],"replies":[{"embeddable":true,"href":"https:\/\/capstonelawyers.com\/es\/wp-json\/wp\/v2\/comments?post=2396"}],"version-history":[{"count":6,"href":"https:\/\/capstonelawyers.com\/es\/wp-json\/wp\/v2\/pages\/2396\/revisions"}],"predecessor-version":[{"id":3227,"href":"https:\/\/capstonelawyers.com\/es\/wp-json\/wp\/v2\/pages\/2396\/revisions\/3227"}],"wp:attachment":[{"href":"https:\/\/capstonelawyers.com\/es\/wp-json\/wp\/v2\/media?parent=2396"}],"curies":[{"name":"wp","href":"https:\/\/api.w.org\/{rel}","templated":true}]}}