{"id":2444,"date":"2017-12-23T15:05:37","date_gmt":"2017-12-23T23:05:37","guid":{"rendered":"http:\/\/capstonelawyers.com\/es\/?page_id=2444"},"modified":"2022-04-26T11:08:11","modified_gmt":"2022-04-26T18:08:11","slug":"cody-padgett","status":"publish","type":"page","link":"https:\/\/capstonelawyers.com\/es\/our-attorneys\/cody-padgett\/","title":{"rendered":"Cody Padgett"},"content":{"rendered":"<p><span style=\"color: #ee4411;\"><strong>Cody Padgett<\/strong><\/span> es abogado senior de Capstone Law. Cody persigue demandas automovil\u00edsticos y otras demandas colectivas de consumidores durante todas las etapas del litigio. Su trabajo ha sido fundamental para lograr la certificaci\u00f3n de clase impugnada en varios casos de defectos automovil\u00edsticos, incluyendo <em>Falco v. Nissan N. Am. Inc.<\/em>, No. 13-00686 (CD Cal.) (Certificando una clase de propietarios\/ arrendatarios de veh\u00edculos Nissan), Salas v. Toyota Motor Sales, USA, Inc., No. 15-08629 (CD Cal.) (Certificando una clase de propietarios\/arrendatarios de veh\u00edculos Toyota), y <em>Victorino v. FCA US, LLC<\/em>, No. 16-01617 (SD Cal.) (Certificando una clase de propietarios\/ arrendatarios de veh\u00edculos Dodge Dart). Los esfuerzos de Cody tambi\u00e9n han contribuido a acuerdos importantes de defectos automovil\u00edsticos y casos de consumidores, proporcionando un alivio monetario sustancial a millones de miembros de la clase, valorados en cientos de millones de d\u00f3lares. V\u00e9ase, por ejemplo, <em>Weckwerth v. Nissan North America, Inc.<\/em>, No. 18-00588 (M.D. Tenn.) (Que proporciona un beneficio de $407 a $547 millones de d\u00f3lares a una clase de casi 3 millones consumidores).<\/p>\n<p>Antes de unirse con Capstone Law, Cody ayud\u00f3 con la defensa de casos de delitos graves en la Oficina del Defensor P\u00fablico del Condado de San Diego. Durante la facultad de derecho, Cody sirvi\u00f3 como externo judicial del Honorable C. Leroy Hansen, Tribunal de Distrito de los Estados Unidos para el Distrito de Nuevo M\u00e9xico. Se gradu\u00f3 de la Facultad de Derecho de California Western en el 10% superior de su clase y recibi\u00f3 su t\u00edtulo universitario de la Universidad del Sur de California, donde se gradu\u00f3 con honores.<\/p>\n<p>Cody est\u00e1 autorizado para ejercer la abogac\u00eda en California, ante el Tribunal de Apelaciones del Noveno Circuito y ante el Tribunal de Distrito de los Estados Unidos para los distritos del norte, este, centro y sur de California.<\/p>\n","protected":false},"excerpt":{"rendered":"<p>Cody Padgett es abogado senior de Capstone Law. Cody persigue demandas automovil\u00edsticos y otras demandas colectivas de consumidores durante todas las etapas del litigio. Su trabajo ha sido fundamental para lograr la certificaci\u00f3n de clase impugnada en varios casos de defectos automovil\u00edsticos, incluyendo Falco v. Nissan N. Am. Inc., No. 13-00686 (CD Cal.) (Certificando una [&hellip;]<\/p>\n","protected":false},"author":1,"featured_media":0,"parent":2396,"menu_order":0,"comment_status":"closed","ping_status":"open","template":"template-bio.php","meta":[],"_links":{"self":[{"href":"https:\/\/capstonelawyers.com\/es\/wp-json\/wp\/v2\/pages\/2444"}],"collection":[{"href":"https:\/\/capstonelawyers.com\/es\/wp-json\/wp\/v2\/pages"}],"about":[{"href":"https:\/\/capstonelawyers.com\/es\/wp-json\/wp\/v2\/types\/page"}],"author":[{"embeddable":true,"href":"https:\/\/capstonelawyers.com\/es\/wp-json\/wp\/v2\/users\/1"}],"replies":[{"embeddable":true,"href":"https:\/\/capstonelawyers.com\/es\/wp-json\/wp\/v2\/comments?post=2444"}],"version-history":[{"count":13,"href":"https:\/\/capstonelawyers.com\/es\/wp-json\/wp\/v2\/pages\/2444\/revisions"}],"predecessor-version":[{"id":3387,"href":"https:\/\/capstonelawyers.com\/es\/wp-json\/wp\/v2\/pages\/2444\/revisions\/3387"}],"up":[{"embeddable":true,"href":"https:\/\/capstonelawyers.com\/es\/wp-json\/wp\/v2\/pages\/2396"}],"wp:attachment":[{"href":"https:\/\/capstonelawyers.com\/es\/wp-json\/wp\/v2\/media?parent=2444"}],"curies":[{"name":"wp","href":"https:\/\/api.w.org\/{rel}","templated":true}]}}