{"id":2451,"date":"2014-12-23T15:14:22","date_gmt":"2014-12-23T23:14:22","guid":{"rendered":"http:\/\/capstonelawyers.com\/es\/?page_id=2451"},"modified":"2021-09-15T12:00:12","modified_gmt":"2021-09-15T19:00:12","slug":"jamie-greene","status":"publish","type":"page","link":"https:\/\/capstonelawyers.com\/es\/our-attorneys\/jamie-greene\/","title":{"rendered":"Jamie Greene"},"content":{"rendered":"<p><span style=\"color: #ee4411;\"><strong>Jamie Greene<\/strong><\/span> es socia de Capstone Law, donde dirige el equipo de desarrollo comercial y generaci\u00f3n de casos de la firma. Jamie es responsable de evaluar todos los posibles casos nuevos y referencias, desarrollar nuevos reclamos y administrar las relaciones de asesor\u00eda y con el cliente de la firma. Tambi\u00e9n supervisa la fase previa al litigio para todos los casos, incluida la investigaci\u00f3n, el an\u00e1lisis y la consulta con el cliente.<\/p>\n<p>Antes de unirse a Capstone, Jamie comenz\u00f3 su carrera legal en Makarem &#038; Associates representando a clientes en una amplia gama de casos que van desde muerte por negligencia, mala fe en seguros, empleo, lesiones personales, defectos de construcci\u00f3n, protecci\u00f3n del consumidor y leyes de privacidad. Jamie se gradu\u00f3 de la Facultad de Derecho Gould de la Universidad del Sur de California y obtuvo su licenciatura en Scripps College en Claremont, California.<\/p>\n<p>Jamie est\u00e1 autorizada para ejercer la abogac\u00eda en California y ante el Tribunal de Distrito de los Estados Unidos para los distritos del Norte, Este, Centro y Sur de California. Es miembro activo de la Asociaci\u00f3n de Abogados del Consumidor de Los \u00c1ngeles (CAALA), Abogados del Consumidor de California (CAOC) y de los Colegios de Abogados de Beverly Hills, el condado de Los \u00c1ngeles y Santa M\u00f3nica.<\/p>\n","protected":false},"excerpt":{"rendered":"<p>Jamie Greene es socia de Capstone Law, donde dirige el equipo de desarrollo comercial y generaci\u00f3n de casos de la firma. Jamie es responsable de evaluar todos los posibles casos nuevos y referencias, desarrollar nuevos reclamos y administrar las relaciones de asesor\u00eda y con el cliente de la firma. Tambi\u00e9n supervisa la fase previa al [&hellip;]<\/p>\n","protected":false},"author":1,"featured_media":0,"parent":2396,"menu_order":0,"comment_status":"closed","ping_status":"open","template":"template-bio.php","meta":[],"_links":{"self":[{"href":"https:\/\/capstonelawyers.com\/es\/wp-json\/wp\/v2\/pages\/2451"}],"collection":[{"href":"https:\/\/capstonelawyers.com\/es\/wp-json\/wp\/v2\/pages"}],"about":[{"href":"https:\/\/capstonelawyers.com\/es\/wp-json\/wp\/v2\/types\/page"}],"author":[{"embeddable":true,"href":"https:\/\/capstonelawyers.com\/es\/wp-json\/wp\/v2\/users\/1"}],"replies":[{"embeddable":true,"href":"https:\/\/capstonelawyers.com\/es\/wp-json\/wp\/v2\/comments?post=2451"}],"version-history":[{"count":13,"href":"https:\/\/capstonelawyers.com\/es\/wp-json\/wp\/v2\/pages\/2451\/revisions"}],"predecessor-version":[{"id":3249,"href":"https:\/\/capstonelawyers.com\/es\/wp-json\/wp\/v2\/pages\/2451\/revisions\/3249"}],"up":[{"embeddable":true,"href":"https:\/\/capstonelawyers.com\/es\/wp-json\/wp\/v2\/pages\/2396"}],"wp:attachment":[{"href":"https:\/\/capstonelawyers.com\/es\/wp-json\/wp\/v2\/media?parent=2451"}],"curies":[{"name":"wp","href":"https:\/\/api.w.org\/{rel}","templated":true}]}}