{"id":2458,"date":"2014-12-23T15:22:44","date_gmt":"2014-12-23T23:22:44","guid":{"rendered":"http:\/\/capstonelawyers.com\/es\/?page_id=2458"},"modified":"2021-09-15T16:58:04","modified_gmt":"2021-09-15T23:58:04","slug":"jonathan-lee","status":"publish","type":"page","link":"https:\/\/capstonelawyers.com\/es\/our-attorneys\/jonathan-lee\/","title":{"rendered":"Jonathan Lee"},"content":{"rendered":"<p><span style=\"color: #ee4411;\"><strong>Jonathan Lee<\/strong><\/span> es abogado senior de Capstone Law. Su pr\u00e1ctica principalmente involucra acciones colectivas de salario y hora y litigios de PAGA en nombre de los empleados, recuperando salarios no pagados y sanciones relacionadas con violaciones por parte del empleador del C\u00f3digo Laboral de California.<\/p>\n<p>Antes de su trabajo en Capstone representando a demandantes en acciones colectivas y representativas, Jonathan represent\u00f3 a empleadores y compa\u00f1\u00edas de seguros en acciones administrativas de compensaci\u00f3n para trabajadores de California. Jonathan se gradu\u00f3 de la Facultad de Derecho de la Universidad de Pepperdine, donde se desempe\u00f1\u00f3 como editor del <em>Journal of Business, Entrepreneurship and the Law<\/em>. \u00c9l es el autor de <em>Pirater\u00eda Por Pl\u00e1stico: Por Qu\u00e9 El Noveno Circuito Deber\u00eda Tener Tarjetas De Cr\u00e9dito Responsables De Infracci\u00f3n Secundaria De Derechos De Autor<\/em>, que obtuvo el premio Janet E. Kerr Achievement Award en 2008. Jonathan recibi\u00f3 su licenciatura de la Universidad de California, Los \u00c1ngeles.<\/p>\n<p>Jonathan est\u00e1 autorizado para ejercer en California y ante los Tribunales de Distrito de los Estados Unidos para los Distritos del Norte, Este, Centro y Sur de California.<\/p>\n","protected":false},"excerpt":{"rendered":"<p>Jonathan Lee es abogado senior de Capstone Law. Su pr\u00e1ctica principalmente involucra acciones colectivas de salario y hora y litigios de PAGA en nombre de los empleados, recuperando salarios no pagados y sanciones relacionadas con violaciones por parte del empleador del C\u00f3digo Laboral de California. Antes de su trabajo en Capstone representando a demandantes en [&hellip;]<\/p>\n","protected":false},"author":1,"featured_media":0,"parent":2396,"menu_order":0,"comment_status":"closed","ping_status":"open","template":"template-bio.php","meta":[],"_links":{"self":[{"href":"https:\/\/capstonelawyers.com\/es\/wp-json\/wp\/v2\/pages\/2458"}],"collection":[{"href":"https:\/\/capstonelawyers.com\/es\/wp-json\/wp\/v2\/pages"}],"about":[{"href":"https:\/\/capstonelawyers.com\/es\/wp-json\/wp\/v2\/types\/page"}],"author":[{"embeddable":true,"href":"https:\/\/capstonelawyers.com\/es\/wp-json\/wp\/v2\/users\/1"}],"replies":[{"embeddable":true,"href":"https:\/\/capstonelawyers.com\/es\/wp-json\/wp\/v2\/comments?post=2458"}],"version-history":[{"count":10,"href":"https:\/\/capstonelawyers.com\/es\/wp-json\/wp\/v2\/pages\/2458\/revisions"}],"predecessor-version":[{"id":3278,"href":"https:\/\/capstonelawyers.com\/es\/wp-json\/wp\/v2\/pages\/2458\/revisions\/3278"}],"up":[{"embeddable":true,"href":"https:\/\/capstonelawyers.com\/es\/wp-json\/wp\/v2\/pages\/2396"}],"wp:attachment":[{"href":"https:\/\/capstonelawyers.com\/es\/wp-json\/wp\/v2\/media?parent=2458"}],"curies":[{"name":"wp","href":"https:\/\/api.w.org\/{rel}","templated":true}]}}