{"id":2472,"date":"2014-12-24T14:51:07","date_gmt":"2014-12-24T22:51:07","guid":{"rendered":"http:\/\/capstonelawyers.com\/es\/?page_id=2472"},"modified":"2021-09-15T18:18:36","modified_gmt":"2021-09-16T01:18:36","slug":"eduardo-santos","status":"publish","type":"page","link":"https:\/\/capstonelawyers.com\/es\/our-attorneys\/eduardo-santos\/","title":{"rendered":"Eduardo Santos"},"content":{"rendered":"<p><span style=\"color: #ee4411;\"><strong>Eduardo Santos<\/strong><\/span> es abogado senior de Capstone Law. \u00c9l concentra su pr\u00e1ctica en administrar y obtener la aprobaci\u00f3n judicial de muchos de los acuerdos de salario y hora, consumidores y PAGA de Capstone, desde la fase inicial de redacci\u00f3n del contrato hasta la pr\u00e1ctica de mociones, incluida la pr\u00e1ctica de mociones impugnadas sobre los honorarios de los abogados. A lo largo de su carrera, Eduardo ha ayudado a asegurar la aprobaci\u00f3n judicial de m\u00e1s de cien acuerdos colectivos y de acciones representativas de alto riesgo por un total de m\u00e1s de $ 100 millon.<\/p>\n<p>Antes de unirse a Capstone, Eduardo comenz\u00f3 su carrera en una destacada firma de demandantes en Los \u00c1ngeles que se especializa en litigios de agravios colectivos, con un enfoque en casos farmac\u00e9uticos complejos. En particular, estuvo involucrado en el acuerdo nacional Vioxx, que asegur\u00f3 un total de $ 4.85 mil millones para miles de personas con reclamos por lesiones causadas por tomar Vioxx. Eduardo se gradu\u00f3 de Loyola Law School, Los \u00c1ngeles, donde recibi\u00f3 una beca de matr\u00edcula completa otorgada en reconocimiento a la excelencia acad\u00e9mica. Mientras estaba en la facultad de derecho, Eduardo se desempe\u00f1\u00f3 como externo para el Honorable Thomas L. Willhite, Jr. de la Corte de Apelaciones de California. Se gradu\u00f3 magna cum laude de UCLA y recibi\u00f3 la Beca Ralph J. Bunche por logros acad\u00e9micos.<\/p>\n<p>Eduardo est\u00e1 autorizado para ejercer la abogac\u00eda en California y ante el Tribunal de Distrito de los Estados Unidos para los distritos del Norte, Este, Centro y Sur de California.<\/p>\n","protected":false},"excerpt":{"rendered":"<p>Eduardo Santos es abogado senior de Capstone Law. \u00c9l concentra su pr\u00e1ctica en administrar y obtener la aprobaci\u00f3n judicial de muchos de los acuerdos de salario y hora, consumidores y PAGA de Capstone, desde la fase inicial de redacci\u00f3n del contrato hasta la pr\u00e1ctica de mociones, incluida la pr\u00e1ctica de mociones impugnadas sobre los honorarios [&hellip;]<\/p>\n","protected":false},"author":1,"featured_media":0,"parent":2396,"menu_order":0,"comment_status":"closed","ping_status":"open","template":"template-bio.php","meta":[],"_links":{"self":[{"href":"https:\/\/capstonelawyers.com\/es\/wp-json\/wp\/v2\/pages\/2472"}],"collection":[{"href":"https:\/\/capstonelawyers.com\/es\/wp-json\/wp\/v2\/pages"}],"about":[{"href":"https:\/\/capstonelawyers.com\/es\/wp-json\/wp\/v2\/types\/page"}],"author":[{"embeddable":true,"href":"https:\/\/capstonelawyers.com\/es\/wp-json\/wp\/v2\/users\/1"}],"replies":[{"embeddable":true,"href":"https:\/\/capstonelawyers.com\/es\/wp-json\/wp\/v2\/comments?post=2472"}],"version-history":[{"count":11,"href":"https:\/\/capstonelawyers.com\/es\/wp-json\/wp\/v2\/pages\/2472\/revisions"}],"predecessor-version":[{"id":3283,"href":"https:\/\/capstonelawyers.com\/es\/wp-json\/wp\/v2\/pages\/2472\/revisions\/3283"}],"up":[{"embeddable":true,"href":"https:\/\/capstonelawyers.com\/es\/wp-json\/wp\/v2\/pages\/2396"}],"wp:attachment":[{"href":"https:\/\/capstonelawyers.com\/es\/wp-json\/wp\/v2\/media?parent=2472"}],"curies":[{"name":"wp","href":"https:\/\/api.w.org\/{rel}","templated":true}]}}