{"id":2479,"date":"2014-12-24T14:55:09","date_gmt":"2014-12-24T22:55:09","guid":{"rendered":"http:\/\/capstonelawyers.com\/es\/?page_id=2479"},"modified":"2021-09-15T18:25:56","modified_gmt":"2021-09-16T01:25:56","slug":"mao-shiokura","status":"publish","type":"page","link":"https:\/\/capstonelawyers.com\/es\/our-attorneys\/mao-shiokura\/","title":{"rendered":"Mao Shiokura"},"content":{"rendered":"<p><span style=\"color: #ee4411;\"><strong>Mao Shiokura<\/strong><\/span> es un abogado senior de Capstone Law. Su pr\u00e1ctica se enfoca en identificar, evaluar y desarrollar nuevos reclamos, incluidas acciones representativas de PAGA y acciones colectivas por violaciones de salarios y horas y acciones del consumidor bajo la Ley de Remedios Legales de los Consumidores, la Ley de Publicidad Falsa, la Ley de Competencia Desleal y otros estatutos de protecci\u00f3n al consumidor.<\/p>\n<p>Antes de unirse a Capstone, Mao fue asociada en un bufete de Abogados de Lim\u00f3n de California, donde represent\u00f3 a consumidores en Song-Beverly, Magnuson-Moss y acciones de fraude contra fabricantes y concesionarios de autom\u00f3viles. Mao se gradu\u00f3 de Loyola Law School, Los \u00c1ngeles, donde se desempe\u00f1\u00f3 como miembro del personal de Loyola of Los Angeles Law Review. Obtuvo su licenciatura de la Universidad del Sur de California, donde se especializ\u00f3 en Administraci\u00f3n de Empresas, con \u00e9nfasis en Cine-Televisi\u00f3n y Finanzas.<\/p>\n<p>Mao est\u00e1 admitida para ejercer la abogac\u00eda en California.<\/p>\n","protected":false},"excerpt":{"rendered":"<p>Mao Shiokura es un abogado senior de Capstone Law. Su pr\u00e1ctica se enfoca en identificar, evaluar y desarrollar nuevos reclamos, incluidas acciones representativas de PAGA y acciones colectivas por violaciones de salarios y horas y acciones del consumidor bajo la Ley de Remedios Legales de los Consumidores, la Ley de Publicidad Falsa, la Ley de [&hellip;]<\/p>\n","protected":false},"author":1,"featured_media":0,"parent":2396,"menu_order":0,"comment_status":"closed","ping_status":"open","template":"template-bio.php","meta":[],"_links":{"self":[{"href":"https:\/\/capstonelawyers.com\/es\/wp-json\/wp\/v2\/pages\/2479"}],"collection":[{"href":"https:\/\/capstonelawyers.com\/es\/wp-json\/wp\/v2\/pages"}],"about":[{"href":"https:\/\/capstonelawyers.com\/es\/wp-json\/wp\/v2\/types\/page"}],"author":[{"embeddable":true,"href":"https:\/\/capstonelawyers.com\/es\/wp-json\/wp\/v2\/users\/1"}],"replies":[{"embeddable":true,"href":"https:\/\/capstonelawyers.com\/es\/wp-json\/wp\/v2\/comments?post=2479"}],"version-history":[{"count":12,"href":"https:\/\/capstonelawyers.com\/es\/wp-json\/wp\/v2\/pages\/2479\/revisions"}],"predecessor-version":[{"id":3286,"href":"https:\/\/capstonelawyers.com\/es\/wp-json\/wp\/v2\/pages\/2479\/revisions\/3286"}],"up":[{"embeddable":true,"href":"https:\/\/capstonelawyers.com\/es\/wp-json\/wp\/v2\/pages\/2396"}],"wp:attachment":[{"href":"https:\/\/capstonelawyers.com\/es\/wp-json\/wp\/v2\/media?parent=2479"}],"curies":[{"name":"wp","href":"https:\/\/api.w.org\/{rel}","templated":true}]}}