{"id":2543,"date":"2014-11-06T14:57:08","date_gmt":"2014-11-06T22:57:08","guid":{"rendered":"http:\/\/capstonelawyers.com\/es\/?page_id=2543"},"modified":"2023-03-02T09:54:27","modified_gmt":"2023-03-02T17:54:27","slug":"robert-drexler","status":"publish","type":"page","link":"https:\/\/capstonelawyers.com\/es\/our-attorneys\/robert-drexler\/","title":{"rendered":"Robert Drexler"},"content":{"rendered":"<p><span style=\"color: #ee4411;\"><strong>Robert Drexler<\/strong><\/span> es socio de Capstone Law, donde dirige uno de los equipos de litigios de la firma que procesa acciones colectivas de salarios y horas. Bob tiene m\u00e1s de 25 a\u00f1os de experiencia representando clientes en demandas colectivas sobre salarios y horas y derechos del consumidor y otros litigios complejos en tribunales estatales y federales. A lo largo de su carrera, Bob ha certificado con \u00e9xito docenas de clases de empleados por reclamos como clasificaci\u00f3n err\u00f3nea, pausas para comer y descansar, y trabajo fuera del horario laboral, lo que finalmente ha resultado en acuerdos multimillonarios. Tambi\u00e9n ha arbitrado y juzgado casos de seguros complejos y de salarios y horas.<\/p>\n<p>Antes de unirse a Capstone, Bob fue jefe del Grupo de Trabajo de Acci\u00f3n de Clase en Khorrami Boucher, LLP y dirigi\u00f3 el equipo de acci\u00f3n de clase en The Quisenberry Law Firm. Bob se gradu\u00f3 de la Facultad de Derecho de la Universidad Case Western Reserve, donde se desempe\u00f1\u00f3 como Editor Gerente de <em>Case Western Reserve Law Review<\/em> y fue autor de <em>Dispositivos Prot\u00e9sicos Defectuosos: \u00bfResponsabilidad Civil Estricta Para El Hospital?<\/em> 32 CASO W. RES. L. REV. 929 (1982). Recibi\u00f3 su licenciatura en Finanzas en la Universidad Estatal de Ohio, donde se gradu\u00f3 cum laude.<\/p>\n<p>Bob est\u00e1 autorizado para ejercer la abogac\u00eda en California y Ohio y ante el Tribunal de Distrito de los Estados Unidos para los Distritos Norte, Este, Centro y Sur de California y el Tribunal de Apelaciones de los Estados Unidos para el Noveno Circuito. Es miembro de los Abogados del Consumidor de California (CAOC) y de la Asociaci\u00f3n de Abogados del Consumidor de Los \u00c1ngeles (CAALA). Bob ha sido un orador destacado en seminarios de demandas colectivas y litigios laborales, ha publicado art\u00edculos en la revista Forum de CAOC y en The Daily Journal, y ha sido seleccionado como uno de los &#8220;S\u00faper Abogados&#8221; del Sur de California todos los a\u00f1os desde 2009 hasta 2023.<\/p>\n","protected":false},"excerpt":{"rendered":"<p>Robert Drexler es socio de Capstone Law, donde dirige uno de los equipos de litigios de la firma que procesa acciones colectivas de salarios y horas. Bob tiene m\u00e1s de 25 a\u00f1os de experiencia representando clientes en demandas colectivas sobre salarios y horas y derechos del consumidor y otros litigios complejos en tribunales estatales y [&hellip;]<\/p>\n","protected":false},"author":1,"featured_media":0,"parent":2396,"menu_order":0,"comment_status":"closed","ping_status":"open","template":"template-bio.php","meta":[],"_links":{"self":[{"href":"https:\/\/capstonelawyers.com\/es\/wp-json\/wp\/v2\/pages\/2543"}],"collection":[{"href":"https:\/\/capstonelawyers.com\/es\/wp-json\/wp\/v2\/pages"}],"about":[{"href":"https:\/\/capstonelawyers.com\/es\/wp-json\/wp\/v2\/types\/page"}],"author":[{"embeddable":true,"href":"https:\/\/capstonelawyers.com\/es\/wp-json\/wp\/v2\/users\/1"}],"replies":[{"embeddable":true,"href":"https:\/\/capstonelawyers.com\/es\/wp-json\/wp\/v2\/comments?post=2543"}],"version-history":[{"count":14,"href":"https:\/\/capstonelawyers.com\/es\/wp-json\/wp\/v2\/pages\/2543\/revisions"}],"predecessor-version":[{"id":3404,"href":"https:\/\/capstonelawyers.com\/es\/wp-json\/wp\/v2\/pages\/2543\/revisions\/3404"}],"up":[{"embeddable":true,"href":"https:\/\/capstonelawyers.com\/es\/wp-json\/wp\/v2\/pages\/2396"}],"wp:attachment":[{"href":"https:\/\/capstonelawyers.com\/es\/wp-json\/wp\/v2\/media?parent=2543"}],"curies":[{"name":"wp","href":"https:\/\/api.w.org\/{rel}","templated":true}]}}