{"id":2554,"date":"2014-12-29T15:10:49","date_gmt":"2014-12-29T23:10:49","guid":{"rendered":"http:\/\/capstonelawyers.com\/es\/?page_id=2554"},"modified":"2021-09-15T15:36:26","modified_gmt":"2021-09-15T22:36:26","slug":"liana-carter","status":"publish","type":"page","link":"https:\/\/capstonelawyers.com\/es\/our-attorneys\/liana-carter\/","title":{"rendered":"Liana Carter"},"content":{"rendered":"<p><span style=\"color: #ee4411;\"><strong>Liana Carter<\/strong><\/span> es abogada senior de Capstone Law. Liana contribuye a la estrategia de presentaci\u00f3n de informes y litigios para las complejas mociones, recursos y apelaciones de la firma. Sus habilidades anal\u00edticas y de redacci\u00f3n se ponen a trabajar para los asuntos jurisdiccionales y de apelaci\u00f3n de la firma, incluyendo la protecci\u00f3n de las reclamaciones de los clientes cuando se enfrentan a acuerdos de arbitraje. Liana tambi\u00e9n tiene una amplia experiencia previa en la supervisi\u00f3n de negociaciones de acuerdos y en la obtenci\u00f3n de la aprobaci\u00f3n judicial de acuerdos de demanda colectiva. Entre otros \u00e9xitos, en los \u00faltimos a\u00f1os ha ayudado a obtener la aprobaci\u00f3n judicial de un acuerdo multimillonario en nombre de una clase de varios miles de empleados no exentos contra un distribuidor nacional de productos de belleza profesionales.<\/p>\n<p>Antes de unirse a Capstone, la experiencia de Liana inclu\u00eda trabajo de acci\u00f3n representativa y de clase en nombre de los empleados y consumidores. Liana se gradu\u00f3 de la Facultad de Derecho Gould de la Universidad del Sur de California. En la facultad de derecho, fue editora de art\u00edculos en la junta de <em>Southern California Law Review<\/em>. Recibi\u00f3 su licenciatura de la Universidad de California, Irvine, donde se gradu\u00f3 cum laude.<\/p>\n<p>Liana se desempe\u00f1a como abogada pro bono para el Centro Harriett Buhai de Derecho de Familia. Liana est\u00e1 autorizada para ejercer la abogac\u00eda en California y ante el Tribunal de Distrito de los Estados Unidos para los Distritos Norte, Este, Central y Sur de California y el Tribunal de Apelaciones de los Estados Unidos para el Noveno Circuito.<\/p>\n","protected":false},"excerpt":{"rendered":"<p>Liana Carter es abogada senior de Capstone Law. Liana contribuye a la estrategia de presentaci\u00f3n de informes y litigios para las complejas mociones, recursos y apelaciones de la firma. Sus habilidades anal\u00edticas y de redacci\u00f3n se ponen a trabajar para los asuntos jurisdiccionales y de apelaci\u00f3n de la firma, incluyendo la protecci\u00f3n de las reclamaciones [&hellip;]<\/p>\n","protected":false},"author":1,"featured_media":0,"parent":2396,"menu_order":0,"comment_status":"closed","ping_status":"open","template":"template-bio.php","meta":[],"_links":{"self":[{"href":"https:\/\/capstonelawyers.com\/es\/wp-json\/wp\/v2\/pages\/2554"}],"collection":[{"href":"https:\/\/capstonelawyers.com\/es\/wp-json\/wp\/v2\/pages"}],"about":[{"href":"https:\/\/capstonelawyers.com\/es\/wp-json\/wp\/v2\/types\/page"}],"author":[{"embeddable":true,"href":"https:\/\/capstonelawyers.com\/es\/wp-json\/wp\/v2\/users\/1"}],"replies":[{"embeddable":true,"href":"https:\/\/capstonelawyers.com\/es\/wp-json\/wp\/v2\/comments?post=2554"}],"version-history":[{"count":10,"href":"https:\/\/capstonelawyers.com\/es\/wp-json\/wp\/v2\/pages\/2554\/revisions"}],"predecessor-version":[{"id":3259,"href":"https:\/\/capstonelawyers.com\/es\/wp-json\/wp\/v2\/pages\/2554\/revisions\/3259"}],"up":[{"embeddable":true,"href":"https:\/\/capstonelawyers.com\/es\/wp-json\/wp\/v2\/pages\/2396"}],"wp:attachment":[{"href":"https:\/\/capstonelawyers.com\/es\/wp-json\/wp\/v2\/media?parent=2554"}],"curies":[{"name":"wp","href":"https:\/\/api.w.org\/{rel}","templated":true}]}}