{"id":2771,"date":"2016-06-07T11:14:34","date_gmt":"2016-06-07T18:14:34","guid":{"rendered":"http:\/\/capstonelawyers.com\/es\/our-attorneys\/anthony-castillo\/"},"modified":"2021-09-15T15:50:33","modified_gmt":"2021-09-15T22:50:33","slug":"anthony-castillo","status":"publish","type":"page","link":"https:\/\/capstonelawyers.com\/es\/our-attorneys\/anthony-castillo\/","title":{"rendered":"Anthony Castillo"},"content":{"rendered":"<p><span style=\"color: #ee4411;\"><strong>Anthony Castillo<\/strong><\/span> es abogado senior de Capstone Law. Su pr\u00e1ctica se enfoca en analizar y desarrollar reclamos de consumidores y salarios y horas previas al litigio, incluyendo acciones de representantes de PAGA y acciones colectivas por falta de pago de horas extras y salarios m\u00ednimos, violaciones del per\u00edodo de comida y descanso, y reclamos bajo la Ley de Normas Laborales Justas y la Ley de la Agencia de Informes de Investigaci\u00f3n del Consumidor.<\/p>\n<p>Antes de unirse a Capstone, Anthony fue asociado en una pr\u00e1ctica de bancarrotas de California, donde represent\u00f3 a deudores individuales y comerciales en liquidaciones y reorganizaciones, as\u00ed como en varios asuntos relacionados con la defensa de deudas y ejecuciones hipotecarias. Anthony se gradu\u00f3 de la Facultad de Derecho de Loyola, Los \u00c1ngeles. Antes de asistir a la facultad de derecho, Anthony trabaj\u00f3 en operaciones de red durante varios a\u00f1os para un importante proveedor de servicios de Internet. Recibi\u00f3 su licenciatura de la Universidad de Stanford.<\/p>\n<p>Anthony est\u00e1 autorizado para ejercer la abogac\u00eda en California y Washington y ante el Tribunal de Distrito de los Estados Unidos para los Distritos Central y Sur de California. Es un miembro activo de la Asociaci\u00f3n de Abogados del Condado de Los \u00c1ngeles.<\/p>\n","protected":false},"excerpt":{"rendered":"<p>Anthony Castillo es abogado senior de Capstone Law. Su pr\u00e1ctica se enfoca en analizar y desarrollar reclamos de consumidores y salarios y horas previas al litigio, incluyendo acciones de representantes de PAGA y acciones colectivas por falta de pago de horas extras y salarios m\u00ednimos, violaciones del per\u00edodo de comida y descanso, y reclamos bajo [&hellip;]<\/p>\n","protected":false},"author":1,"featured_media":0,"parent":2396,"menu_order":0,"comment_status":"closed","ping_status":"open","template":"template-bio.php","meta":[],"_links":{"self":[{"href":"https:\/\/capstonelawyers.com\/es\/wp-json\/wp\/v2\/pages\/2771"}],"collection":[{"href":"https:\/\/capstonelawyers.com\/es\/wp-json\/wp\/v2\/pages"}],"about":[{"href":"https:\/\/capstonelawyers.com\/es\/wp-json\/wp\/v2\/types\/page"}],"author":[{"embeddable":true,"href":"https:\/\/capstonelawyers.com\/es\/wp-json\/wp\/v2\/users\/1"}],"replies":[{"embeddable":true,"href":"https:\/\/capstonelawyers.com\/es\/wp-json\/wp\/v2\/comments?post=2771"}],"version-history":[{"count":4,"href":"https:\/\/capstonelawyers.com\/es\/wp-json\/wp\/v2\/pages\/2771\/revisions"}],"predecessor-version":[{"id":3263,"href":"https:\/\/capstonelawyers.com\/es\/wp-json\/wp\/v2\/pages\/2771\/revisions\/3263"}],"up":[{"embeddable":true,"href":"https:\/\/capstonelawyers.com\/es\/wp-json\/wp\/v2\/pages\/2396"}],"wp:attachment":[{"href":"https:\/\/capstonelawyers.com\/es\/wp-json\/wp\/v2\/media?parent=2771"}],"curies":[{"name":"wp","href":"https:\/\/api.w.org\/{rel}","templated":true}]}}