{"id":2948,"date":"2018-03-07T12:35:11","date_gmt":"2018-03-07T20:35:11","guid":{"rendered":"http:\/\/capstonelawyers.com\/es\/our-attorneys\/liana-carter-2\/"},"modified":"2024-08-15T15:37:06","modified_gmt":"2024-08-15T22:37:06","slug":"liana-carter-2","status":"publish","type":"page","link":"https:\/\/capstonelawyers.com\/es\/our-attorneys\/john-stobart","title":{"rendered":"John Stobart"},"content":{"rendered":"<p><span style=\"color: #ee4411;\"><strong>John Stobart<\/strong><\/span> es un abogado senior de Capstone Law. Su pr\u00e1ctica se enfoca en representar a empleados y consumidores en litigios complejos, principalmente acciones colectivas de salario y horas y acciones representativas de PAGA. Tiene amplia experiencia en juicios complejos y de larga causa adquirida a lo largo de una carrera dedicada al litigio. John es un Especialista Certificado en Derecho de Apelaciones, designado por el Colegio de Abogados del Estado de California, y tiene una amplia experiencia, habiendo redactado m\u00e1s de dos docenas de recursos, peticiones y apelaciones. Su experiencia en apelaciones incluye un trabajo amistoso en la Corte Suprema de California en nombre de Bet Tzedek en <em>Kim v. Reins<\/em>, 9 Cal.5th 73, y el Premio a la Reversi\u00f3n del A\u00f1o del Daily Journal 2019 por su trabajo en el Noveno Circuito en <em>Nguyen v. Nissan<\/em> NA, No. 18-16344 (9th Cir. 2019).<\/p>\n<p>Antes de unirse a Capstone, John defendi\u00f3 contra la responsabilidad civil en casos de lesiones catastr\u00f3ficas y muerte por negligencia presentados contra sus clientes, que inclu\u00edan el ferrocarril, las escuelas p\u00fablicas, empresas peque\u00f1as y los propietarios de terrenos comerciales y residenciales. Ha redactado y argumentado decenas de mociones dispositivas a nivel de la corte de primera instancia y tuvo \u00e9xito en mantener sentencias y veredictos en apelaciones. Se gradu\u00f3 con honores de la Facultad de Derecho Thomas Jefferson, donde form\u00f3 parte del equipo de competencia de juicios simulados y obtuvo su t\u00edtulo universitario en la Universidad Estatal de Ohio.<\/p>\n<p>John est\u00e1 autorizado para ejercer la abogac\u00eda en California y ante el Tribunal de Distrito de los Estados Unidos para los Distritos Este, Central y Sur de California y el Tribunal de Apelaciones de los Estados Unidos para el Tercer y Noveno Circuito. John es un orgulloso miembro de la Academia de Abogados de Apelaciones de California (CAAL), una prestigiosa organizaci\u00f3n a la que solo se accede por elecci\u00f3n, dedicada a la excelencia en la pr\u00e1ctica de apelaciones.<\/p>\n","protected":false},"excerpt":{"rendered":"<p>John Stobart es un abogado senior de Capstone Law. Su pr\u00e1ctica se enfoca en representar a empleados y consumidores en litigios complejos, principalmente acciones colectivas de salario y horas y acciones representativas de PAGA. Tiene amplia experiencia en juicios complejos y de larga causa adquirida a lo largo de una carrera dedicada al litigio. John [&hellip;]<\/p>\n","protected":false},"author":1,"featured_media":0,"parent":2396,"menu_order":0,"comment_status":"closed","ping_status":"open","template":"template-bio.php","meta":[],"_links":{"self":[{"href":"https:\/\/capstonelawyers.com\/es\/wp-json\/wp\/v2\/pages\/2948"}],"collection":[{"href":"https:\/\/capstonelawyers.com\/es\/wp-json\/wp\/v2\/pages"}],"about":[{"href":"https:\/\/capstonelawyers.com\/es\/wp-json\/wp\/v2\/types\/page"}],"author":[{"embeddable":true,"href":"https:\/\/capstonelawyers.com\/es\/wp-json\/wp\/v2\/users\/1"}],"replies":[{"embeddable":true,"href":"https:\/\/capstonelawyers.com\/es\/wp-json\/wp\/v2\/comments?post=2948"}],"version-history":[{"count":5,"href":"https:\/\/capstonelawyers.com\/es\/wp-json\/wp\/v2\/pages\/2948\/revisions"}],"predecessor-version":[{"id":3439,"href":"https:\/\/capstonelawyers.com\/es\/wp-json\/wp\/v2\/pages\/2948\/revisions\/3439"}],"up":[{"embeddable":true,"href":"https:\/\/capstonelawyers.com\/es\/wp-json\/wp\/v2\/pages\/2396"}],"wp:attachment":[{"href":"https:\/\/capstonelawyers.com\/es\/wp-json\/wp\/v2\/media?parent=2948"}],"curies":[{"name":"wp","href":"https:\/\/api.w.org\/{rel}","templated":true}]}}