{"id":3014,"date":"2019-01-31T11:00:04","date_gmt":"2019-01-31T19:00:04","guid":{"rendered":"http:\/\/capstonelawyers.com\/es\/our-attorneys\/orlando-villalba"},"modified":"2021-09-16T11:17:50","modified_gmt":"2021-09-16T18:17:50","slug":"liana-carter-2-2","status":"publish","type":"page","link":"https:\/\/capstonelawyers.com\/es\/our-attorneys\/orlando-villalba","title":{"rendered":"Orlando Villalba"},"content":{"rendered":"<p><span style=\"color: #ee4411;\"><strong>Orlando Villalba<\/strong><\/span> es abogado senior de Capstone Law. Su pr\u00e1ctica involucra principalmente acciones colectivas de salario y hora y litigios de PAGA en nombre de los empleados por no pagar horas extras y salarios m\u00ednimos, no proporcionar descansos para comer y descansar, reclamos bajo la Ley de Normas Laborales Justas y otras violaciones del C\u00f3digo Laboral de California.<\/p>\n<p>Antes de unirse a Capstone, Orlando comenz\u00f3 su carrera en Kirkland &#038; Ellis, donde manej\u00f3 una amplia gama de asuntos de litigios comerciales, incluidas disputas de contratos transnacionales, reclamos de da\u00f1os relacionados con seguros, litigios de desarrolladores y acciones de derechos civiles. Tambi\u00e9n tiene una amplia experiencia del lado de los demandantes representando a agencias gubernamentales y tenedores de pagar\u00e9s en la b\u00fasqueda de hipotecas y otras p\u00e9rdidas por fraude. Orlando se gradu\u00f3 de la Facultad de Derecho de Stanford, donde se desempe\u00f1\u00f3 como editor de art\u00edculos en el <em>Stanford Journal of Law, Business &#038; Finance<\/em>. Despu\u00e9s de la escuela de derecho, trabaj\u00f3 como secretario del Honorable Warren Matthews de la Corte Suprema de Alaska. Orlando recibi\u00f3 su licenciatura en Negocios Internacionales de la Universidad del Sur de California.<\/p>\n<p>Orlando est\u00e1 autorizado para ejercer en California y ante el Tribunal de Distrito de los Estados Unidos para los Distritos Norte, Este, Central y Sur de California y el Tribunal de Apelaciones de los Estados Unidos para el Noveno Circuito.<\/p>\n","protected":false},"excerpt":{"rendered":"<p>Orlando Villalba es abogado senior de Capstone Law. Su pr\u00e1ctica involucra principalmente acciones colectivas de salario y hora y litigios de PAGA en nombre de los empleados por no pagar horas extras y salarios m\u00ednimos, no proporcionar descansos para comer y descansar, reclamos bajo la Ley de Normas Laborales Justas y otras violaciones del C\u00f3digo [&hellip;]<\/p>\n","protected":false},"author":1,"featured_media":0,"parent":2396,"menu_order":0,"comment_status":"closed","ping_status":"open","template":"template-bio.php","meta":[],"_links":{"self":[{"href":"https:\/\/capstonelawyers.com\/es\/wp-json\/wp\/v2\/pages\/3014"}],"collection":[{"href":"https:\/\/capstonelawyers.com\/es\/wp-json\/wp\/v2\/pages"}],"about":[{"href":"https:\/\/capstonelawyers.com\/es\/wp-json\/wp\/v2\/types\/page"}],"author":[{"embeddable":true,"href":"https:\/\/capstonelawyers.com\/es\/wp-json\/wp\/v2\/users\/1"}],"replies":[{"embeddable":true,"href":"https:\/\/capstonelawyers.com\/es\/wp-json\/wp\/v2\/comments?post=3014"}],"version-history":[{"count":3,"href":"https:\/\/capstonelawyers.com\/es\/wp-json\/wp\/v2\/pages\/3014\/revisions"}],"predecessor-version":[{"id":3295,"href":"https:\/\/capstonelawyers.com\/es\/wp-json\/wp\/v2\/pages\/3014\/revisions\/3295"}],"up":[{"embeddable":true,"href":"https:\/\/capstonelawyers.com\/es\/wp-json\/wp\/v2\/pages\/2396"}],"wp:attachment":[{"href":"https:\/\/capstonelawyers.com\/es\/wp-json\/wp\/v2\/media?parent=3014"}],"curies":[{"name":"wp","href":"https:\/\/api.w.org\/{rel}","templated":true}]}}