{"id":3016,"date":"2019-01-31T11:37:29","date_gmt":"2019-01-31T19:37:29","guid":{"rendered":"http:\/\/capstonelawyers.com\/es\/our-attorneys\/theresa-carroll"},"modified":"2021-09-15T15:21:39","modified_gmt":"2021-09-15T22:21:39","slug":"liana-carter-2-2-2","status":"publish","type":"page","link":"https:\/\/capstonelawyers.com\/es\/our-attorneys\/theresa-carroll","title":{"rendered":"Theresa Carroll"},"content":{"rendered":"<p><span style=\"color: #ee4411;\"><strong>Theresa Carroll<\/strong><\/span> es abogada senior de Capstone Law. Su pr\u00e1ctica se dedica al equipo de Apelaciones y Mociones Complejas, trabajando en varios proyectos de liquidaci\u00f3n y aprobaci\u00f3n.<\/p>\n<p>Antes de unirse a Capstone, Theresa fue asociada de Parker Stanbury, LLP, asesorando a propietarios de empresas peque\u00f1as en varios asuntos laborales y trabaj\u00f3 como abogada asociada para O\u2019Donnell &#038; Mandell en litigios de discriminaci\u00f3n laboral y acoso sexual. En 1995, se gradu\u00f3 de la Facultad de Derecho de la Universidad de Southwestern, donde form\u00f3 parte del equipo de defensa de juicios y recibi\u00f3 el prestigioso premio Abogado de Juicio del A\u00f1o patrocinado por la Junta Estadounidense de Defensores de Juicio (ABOTA) para la Facultad de Derecho de la Universidad de Southwestern. Theresa recibi\u00f3 su licenciatura en oratoria con \u00e9nfasis en teatro de la Universidad Estatal de Iowa.<\/p>\n<p>Theresa est\u00e1 admitida para ejercer la abogac\u00eda en California.<\/p>\n","protected":false},"excerpt":{"rendered":"<p>Theresa Carroll es abogada senior de Capstone Law. Su pr\u00e1ctica se dedica al equipo de Apelaciones y Mociones Complejas, trabajando en varios proyectos de liquidaci\u00f3n y aprobaci\u00f3n. Antes de unirse a Capstone, Theresa fue asociada de Parker Stanbury, LLP, asesorando a propietarios de empresas peque\u00f1as en varios asuntos laborales y trabaj\u00f3 como abogada asociada para [&hellip;]<\/p>\n","protected":false},"author":1,"featured_media":0,"parent":2396,"menu_order":0,"comment_status":"closed","ping_status":"open","template":"template-bio.php","meta":[],"_links":{"self":[{"href":"https:\/\/capstonelawyers.com\/es\/wp-json\/wp\/v2\/pages\/3016"}],"collection":[{"href":"https:\/\/capstonelawyers.com\/es\/wp-json\/wp\/v2\/pages"}],"about":[{"href":"https:\/\/capstonelawyers.com\/es\/wp-json\/wp\/v2\/types\/page"}],"author":[{"embeddable":true,"href":"https:\/\/capstonelawyers.com\/es\/wp-json\/wp\/v2\/users\/1"}],"replies":[{"embeddable":true,"href":"https:\/\/capstonelawyers.com\/es\/wp-json\/wp\/v2\/comments?post=3016"}],"version-history":[{"count":2,"href":"https:\/\/capstonelawyers.com\/es\/wp-json\/wp\/v2\/pages\/3016\/revisions"}],"predecessor-version":[{"id":3255,"href":"https:\/\/capstonelawyers.com\/es\/wp-json\/wp\/v2\/pages\/3016\/revisions\/3255"}],"up":[{"embeddable":true,"href":"https:\/\/capstonelawyers.com\/es\/wp-json\/wp\/v2\/pages\/2396"}],"wp:attachment":[{"href":"https:\/\/capstonelawyers.com\/es\/wp-json\/wp\/v2\/media?parent=3016"}],"curies":[{"name":"wp","href":"https:\/\/api.w.org\/{rel}","templated":true}]}}