{"id":3067,"date":"2020-01-02T10:29:20","date_gmt":"2020-01-02T18:29:20","guid":{"rendered":"http:\/\/capstonelawyers.com\/es\/disclaimer-2\/"},"modified":"2021-10-13T15:14:57","modified_gmt":"2021-10-13T22:14:57","slug":"disclaimer-2","status":"publish","type":"page","link":"https:\/\/capstonelawyers.com\/es\/ccpa","title":{"rendered":"Solicitud de informaci\u00f3n personal de la CCPA"},"content":{"rendered":"<p>Seg\u00fan la Ley de Protecci\u00f3n al Consumidor de California (CCPA), los residentes de California tienen derecho a solicitar la Informaci\u00f3n personal (seg\u00fan por la CCPA) por env\u00edo de una &#8220;Solicitud de informaci\u00f3n&#8221; usando una forma de red abajo. Despu\u00e9s verificaci\u00f3n de su solicitud, incluida la provisi\u00f3n de prueba de su identidad seg\u00fan lo requiere la CCPA y establecido en nuestro Aviso de Privacidad para residentes de California, proporcionaremos la informaci\u00f3n. Si no podemos verificar su identidad, o si la informaci\u00f3n ser\u00eda demasiado sensible para divulgarla, es posible que no podamos proporcionarle la Informaci\u00f3n personal. Puede enviar hasta dos solicitudes de informaci\u00f3n por a\u00f1o.<\/p>\n","protected":false},"excerpt":{"rendered":"<p>Seg\u00fan la Ley de Protecci\u00f3n al Consumidor de California (CCPA), los residentes de California tienen derecho a solicitar la Informaci\u00f3n personal (seg\u00fan por la CCPA) por env\u00edo de una &#8220;Solicitud de informaci\u00f3n&#8221; usando una forma de red abajo. Despu\u00e9s verificaci\u00f3n de su solicitud, incluida la provisi\u00f3n de prueba de su identidad seg\u00fan lo requiere la [&hellip;]<\/p>\n","protected":false},"author":1,"featured_media":0,"parent":0,"menu_order":0,"comment_status":"open","ping_status":"open","template":"template-ccpa.php","meta":[],"_links":{"self":[{"href":"https:\/\/capstonelawyers.com\/es\/wp-json\/wp\/v2\/pages\/3067"}],"collection":[{"href":"https:\/\/capstonelawyers.com\/es\/wp-json\/wp\/v2\/pages"}],"about":[{"href":"https:\/\/capstonelawyers.com\/es\/wp-json\/wp\/v2\/types\/page"}],"author":[{"embeddable":true,"href":"https:\/\/capstonelawyers.com\/es\/wp-json\/wp\/v2\/users\/1"}],"replies":[{"embeddable":true,"href":"https:\/\/capstonelawyers.com\/es\/wp-json\/wp\/v2\/comments?post=3067"}],"version-history":[{"count":6,"href":"https:\/\/capstonelawyers.com\/es\/wp-json\/wp\/v2\/pages\/3067\/revisions"}],"predecessor-version":[{"id":3363,"href":"https:\/\/capstonelawyers.com\/es\/wp-json\/wp\/v2\/pages\/3067\/revisions\/3363"}],"wp:attachment":[{"href":"https:\/\/capstonelawyers.com\/es\/wp-json\/wp\/v2\/media?parent=3067"}],"curies":[{"name":"wp","href":"https:\/\/api.w.org\/{rel}","templated":true}]}}