{"id":3154,"date":"2020-11-30T14:30:09","date_gmt":"2020-11-30T22:30:09","guid":{"rendered":"http:\/\/capstonelawyers.com\/es\/?page_id=3154"},"modified":"2021-09-15T16:50:12","modified_gmt":"2021-09-15T23:50:12","slug":"daniel-jonathan","status":"publish","type":"page","link":"https:\/\/capstonelawyers.com\/es\/our-attorneys\/daniel-jonathan","title":{"rendered":"Daniel Jonathan"},"content":{"rendered":"<p><span style=\"color: #ee4411;\"><strong>Daniel Jonathan<\/strong><\/span> es abogado senior de Capstone Law. Su pr\u00e1ctica involucra principalmente acciones colectivas de salario y hora y litigios de PAGA en nombre de los empleados por no pagar horas extras y salarios m\u00ednimos, no proporcionar descansos para comer y descansar, reclamos bajo la Ley de Normas Laborales Justas y otras violaciones del C\u00f3digo Laboral de California.<\/p>\n<p>Antes de unirse a Capstone, Daniel comenz\u00f3 su carrera como asociado en Kirkland &#038; Ellis representando a clientes de Fortune 500 en litigios de alto riesgo en varios asuntos, incluida la defensa de acciones colectivas y las acciones del demandante por fraude contable. Despu\u00e9s de eso, fue abogado senior en una firma de litigios boutique donde presidi\u00f3 con \u00e9xito varios juicios. Daniel se gradu\u00f3 de la Facultad de Derecho de la Universidad Northwestern. Recibi\u00f3 su licenciatura en Contabilidad de la Universidad del Sur de California, donde se gradu\u00f3 cum laude. Daniel aprob\u00f3 el examen de CPA y trabaj\u00f3 como auditor en Deloitte antes de asistir a la facultad de derecho.<\/p>\n<p>Daniel est\u00e1 autorizado para ejercer la abogac\u00eda en California y ante el Tribunal de Distrito de los Estados Unidos para el Distrito Central de California.<\/p>\n","protected":false},"excerpt":{"rendered":"<p>Daniel Jonathan es abogado senior de Capstone Law. Su pr\u00e1ctica involucra principalmente acciones colectivas de salario y hora y litigios de PAGA en nombre de los empleados por no pagar horas extras y salarios m\u00ednimos, no proporcionar descansos para comer y descansar, reclamos bajo la Ley de Normas Laborales Justas y otras violaciones del C\u00f3digo [&hellip;]<\/p>\n","protected":false},"author":1,"featured_media":0,"parent":2396,"menu_order":0,"comment_status":"closed","ping_status":"open","template":"template-bio.php","meta":[],"_links":{"self":[{"href":"https:\/\/capstonelawyers.com\/es\/wp-json\/wp\/v2\/pages\/3154"}],"collection":[{"href":"https:\/\/capstonelawyers.com\/es\/wp-json\/wp\/v2\/pages"}],"about":[{"href":"https:\/\/capstonelawyers.com\/es\/wp-json\/wp\/v2\/types\/page"}],"author":[{"embeddable":true,"href":"https:\/\/capstonelawyers.com\/es\/wp-json\/wp\/v2\/users\/1"}],"replies":[{"embeddable":true,"href":"https:\/\/capstonelawyers.com\/es\/wp-json\/wp\/v2\/comments?post=3154"}],"version-history":[{"count":4,"href":"https:\/\/capstonelawyers.com\/es\/wp-json\/wp\/v2\/pages\/3154\/revisions"}],"predecessor-version":[{"id":3274,"href":"https:\/\/capstonelawyers.com\/es\/wp-json\/wp\/v2\/pages\/3154\/revisions\/3274"}],"up":[{"embeddable":true,"href":"https:\/\/capstonelawyers.com\/es\/wp-json\/wp\/v2\/pages\/2396"}],"wp:attachment":[{"href":"https:\/\/capstonelawyers.com\/es\/wp-json\/wp\/v2\/media?parent=3154"}],"curies":[{"name":"wp","href":"https:\/\/api.w.org\/{rel}","templated":true}]}}