{"id":3170,"date":"2021-02-08T17:45:20","date_gmt":"2021-02-09T01:45:20","guid":{"rendered":"http:\/\/capstonelawyers.com\/es\/?page_id=3170"},"modified":"2021-09-15T16:31:29","modified_gmt":"2021-09-15T23:31:29","slug":"helga-hakimi","status":"publish","type":"page","link":"https:\/\/capstonelawyers.com\/es\/our-attorneys\/helga-hakimi","title":{"rendered":"Helga Hakimi"},"content":{"rendered":"<p><span style=\"color: #ee4411;\"><strong>Helga Hakimi<\/strong><\/span> es abogada senior de Capstone Law. Su pr\u00e1ctica consiste principalmente en litigios colectivos de derecho laboral, a saber, acciones colectivas de salarios y horas y litigios de la Ley General de Abogados Privados (&#8220;PAGA&#8221;) en nombre de los empleados por no pagar las horas extraordinarias y el salario m\u00ednimo, proporcionar descansos para comer y descansar, y proporcionar compensaci\u00f3n por trabajo fuera del horario laboral y violaciones relacionadas del empleador bajo la Ley de Normas Laborales Justas y el C\u00f3digo Laboral de California.<\/p>\n<p>Antes de unirse a Capstone, Helga fue socia en una firma de litigios civiles en el oeste de Los \u00c1ngeles, donde manej\u00f3 principalmente litigios de bienes ra\u00edces, litigios comerciales y defensa de algunos asuntos de derecho laboral; antes de eso, trabaj\u00f3 como abogada de litigios civiles manejando litigios complejos por lesiones personales. El inter\u00e9s de Helga en defender los derechos de los empleados comenz\u00f3 en la facultad de derecho, donde se ofreci\u00f3 como voluntaria para la Cl\u00ednica de Derechos de los Trabajadores y ayud\u00f3 a miembros de la comunidad de bajos ingresos en la regi\u00f3n del \u00c1rea de la Bah\u00eda del norte de California con problemas legales relacionados con el empleo. Al graduarse de la facultad de derecho, Helga trabaj\u00f3 como asociada de un bufete de abogados municipal y, posteriormente, en la Oficina del Fiscal de la Ciudad local, donde asesor\u00f3 a municipios y ciudades en asuntos civiles relacionados con el uso de la tierra, derecho ambiental, cuestiones de desarrollo, derecho constitucional y First Derechos de modificaci\u00f3n. Helga se gradu\u00f3 de Berkeley Law (Boalt Hall School of Law), donde obtuvo su Doctorado en Jurisprudencia y recibi\u00f3 el Premio Prosser en Remedios. Helga recibi\u00f3 su licenciatura en Ciencias Pol\u00edticas con especializaci\u00f3n en Estudios de Educaci\u00f3n de la Universidad de California, Los \u00c1ngeles, y se gradu\u00f3 summa cum laude y con los m\u00e1s altos honores departamentales.<\/p>\n<p>Helga est\u00e1 admitida para ejercer la abogac\u00eda en California y ante el Tribunal de Distrito de los Estados Unidos para el centro de California. Helga est\u00e1 calificada en mediaci\u00f3n seg\u00fan la Ley del Programa de Resoluci\u00f3n de Disputas, y ha mediado con \u00e9xito casos civiles en los Tribunales Superiores del Condado de Orange y Santa M\u00f3nica. Helga se desempe\u00f1\u00f3 como Miembro del Panel del Programa de Resoluci\u00f3n Alternativa de Disputas (ADR) del Tribunal Superior de Los \u00c1ngeles y fue voluntaria como Juez Pro Tem para los Tribunales Superiores del Condado de Los \u00c1ngeles. En su tiempo libre, Helga se ofrece como voluntaria para varias organizaciones sin fines de lucro que sirven a las personas sin hogar, el Banco Regional de Alimentos de Los \u00c1ngeles y organizaciones como el Orfanato Maryvale que se comprometen a ayudar a los ni\u00f1os de crianza y en riesgo. Helga naci\u00f3 en Afganist\u00e1n y habla Farsi con fluidez.<\/p>\n","protected":false},"excerpt":{"rendered":"<p>Helga Hakimi es abogada senior de Capstone Law. Su pr\u00e1ctica consiste principalmente en litigios colectivos de derecho laboral, a saber, acciones colectivas de salarios y horas y litigios de la Ley General de Abogados Privados (&#8220;PAGA&#8221;) en nombre de los empleados por no pagar las horas extraordinarias y el salario m\u00ednimo, proporcionar descansos para comer [&hellip;]<\/p>\n","protected":false},"author":1,"featured_media":0,"parent":2396,"menu_order":0,"comment_status":"closed","ping_status":"open","template":"template-bio.php","meta":[],"_links":{"self":[{"href":"https:\/\/capstonelawyers.com\/es\/wp-json\/wp\/v2\/pages\/3170"}],"collection":[{"href":"https:\/\/capstonelawyers.com\/es\/wp-json\/wp\/v2\/pages"}],"about":[{"href":"https:\/\/capstonelawyers.com\/es\/wp-json\/wp\/v2\/types\/page"}],"author":[{"embeddable":true,"href":"https:\/\/capstonelawyers.com\/es\/wp-json\/wp\/v2\/users\/1"}],"replies":[{"embeddable":true,"href":"https:\/\/capstonelawyers.com\/es\/wp-json\/wp\/v2\/comments?post=3170"}],"version-history":[{"count":4,"href":"https:\/\/capstonelawyers.com\/es\/wp-json\/wp\/v2\/pages\/3170\/revisions"}],"predecessor-version":[{"id":3270,"href":"https:\/\/capstonelawyers.com\/es\/wp-json\/wp\/v2\/pages\/3170\/revisions\/3270"}],"up":[{"embeddable":true,"href":"https:\/\/capstonelawyers.com\/es\/wp-json\/wp\/v2\/pages\/2396"}],"wp:attachment":[{"href":"https:\/\/capstonelawyers.com\/es\/wp-json\/wp\/v2\/media?parent=3170"}],"curies":[{"name":"wp","href":"https:\/\/api.w.org\/{rel}","templated":true}]}}