{"id":3214,"date":"2021-08-25T14:12:26","date_gmt":"2021-08-25T21:12:26","guid":{"rendered":"http:\/\/capstonelawyers.com\/es\/?page_id=3214"},"modified":"2024-06-27T14:55:02","modified_gmt":"2024-06-27T21:55:02","slug":"tyler-anderson","status":"publish","type":"page","link":"https:\/\/capstonelawyers.com\/es\/our-attorneys\/tyler-anderson","title":{"rendered":"Tyler Anderson"},"content":{"rendered":"<p><span style=\"color: #ee4411;\"><strong>Tyler Anderson<\/strong><\/span> es un asociado de Capstone Law que se enfoca en mociones, \u00f3rdenes judiciales y apelaciones complejas. Antes de unirse a Capstone, Tyler fue codirector del Centro de Acci\u00f3n y Derecho Comunitario de Los \u00c1ngeles (\u201cLACCLA\u201d), un bufete de abogados sin fines de lucro que representa a los sindicatos de inquilinos y organizadores sindicales. Mientras estaba all\u00ed, Tyler juzg\u00f3 un caso de la Ley de Vivienda Justa federal de impacto dispar que result\u00f3 en un veredicto del jurado de m\u00e1s de $ 1,000,000. Tambi\u00e9n us\u00f3 con frecuencia las leyes Anti-SLAPP de California para bloquear los intentos de silenciar a los organizadores de sindicatos de inquilinos. Antes de trabajar en LACCLA, Tyler fue secretario de la Honorable Martha V\u00e1zquez, juez de un tribunal de distrito federal del Distrito de Nuevo M\u00e9xico que, en ese momento, formaba parte del Comit\u00e9 Ejecutivo del Poder Judicial Federal. Antes de eso, Tyler fue asociado de litigios en el bufete de abogados internacional Jenner &#038; Block LLP.<\/p>\n<p>Tyler ha publicado art\u00edculos en la U.C.L.A. Law Review y Harvard Law &#038; Policy Review, as\u00ed como dos art\u00edculos de opini\u00f3n en Los Angeles Times. Tyler tambi\u00e9n se ha desempe\u00f1ado como conferencista invitado en un seminario de posgrado en la Escuela de Asuntos P\u00fablicos de UCLA Luskin, as\u00ed como apareci\u00f3 en el programa de televisi\u00f3n &#8220;Inside the Issues with Alex Cohen&#8221;, que cubre noticias en el sur de California.<\/p>\n<p>Tyler se gradu\u00f3 de la Facultad de Derecho de Harvard, donde fue editor ejecutivo de art\u00edculos del Harvard Journal on Legislation y presidente de una de las organizaciones pro bono m\u00e1s grandes dirigidas por estudiantes en la Universidad de Harvard, Project No One Leaves. Se gradu\u00f3 con varios premios &#8220;Dean&#8217;s Scholar&#8221; por recibir las mejores calificaciones en sus cursos de derecho constitucional. Tyler est\u00e1 habilitado para ejercer la abogac\u00eda en California y ante el Tribunal de Distrito de los Estados Unidos para el Distrito Central de California, as\u00ed como ante el Tribunal de Apelaciones del Noveno y Tercer Circuito.<\/p>\n","protected":false},"excerpt":{"rendered":"<p>Tyler Anderson es un asociado de Capstone Law que se enfoca en mociones, \u00f3rdenes judiciales y apelaciones complejas. Antes de unirse a Capstone, Tyler fue codirector del Centro de Acci\u00f3n y Derecho Comunitario de Los \u00c1ngeles (\u201cLACCLA\u201d), un bufete de abogados sin fines de lucro que representa a los sindicatos de inquilinos y organizadores sindicales. [&hellip;]<\/p>\n","protected":false},"author":1,"featured_media":0,"parent":2396,"menu_order":0,"comment_status":"closed","ping_status":"open","template":"template-bio.php","meta":[],"_links":{"self":[{"href":"https:\/\/capstonelawyers.com\/es\/wp-json\/wp\/v2\/pages\/3214"}],"collection":[{"href":"https:\/\/capstonelawyers.com\/es\/wp-json\/wp\/v2\/pages"}],"about":[{"href":"https:\/\/capstonelawyers.com\/es\/wp-json\/wp\/v2\/types\/page"}],"author":[{"embeddable":true,"href":"https:\/\/capstonelawyers.com\/es\/wp-json\/wp\/v2\/users\/1"}],"replies":[{"embeddable":true,"href":"https:\/\/capstonelawyers.com\/es\/wp-json\/wp\/v2\/comments?post=3214"}],"version-history":[{"count":5,"href":"https:\/\/capstonelawyers.com\/es\/wp-json\/wp\/v2\/pages\/3214\/revisions"}],"predecessor-version":[{"id":3435,"href":"https:\/\/capstonelawyers.com\/es\/wp-json\/wp\/v2\/pages\/3214\/revisions\/3435"}],"up":[{"embeddable":true,"href":"https:\/\/capstonelawyers.com\/es\/wp-json\/wp\/v2\/pages\/2396"}],"wp:attachment":[{"href":"https:\/\/capstonelawyers.com\/es\/wp-json\/wp\/v2\/media?parent=3214"}],"curies":[{"name":"wp","href":"https:\/\/api.w.org\/{rel}","templated":true}]}}