{"id":3391,"date":"2022-04-26T11:52:49","date_gmt":"2022-04-26T18:52:49","guid":{"rendered":"https:\/\/capstonelawyers.com\/es\/?page_id=3391"},"modified":"2022-04-26T11:52:49","modified_gmt":"2022-04-26T18:52:49","slug":"sairah-budhwani","status":"publish","type":"page","link":"https:\/\/capstonelawyers.com\/es\/our-attorneys\/sairah-budhwani","title":{"rendered":"Sairah Budhwani"},"content":{"rendered":"<p><span style=\"color: #ee4411;\"><strong>Sairah Budhwani<\/strong><\/span> es asociada de Capstone Law. Su pr\u00e1ctica se enfoca en evaluar y analizar reclamos de salarios y horas previos al litigio, incluyendo reclamos por violaciones de la ley de horas extras y salarios m\u00ednimos, requisitos de per\u00edodos de comida y descanso y violaciones del trabajo fuera del horario laboral. Anteriormente, Sairah litig\u00f3 reclamos de discriminaci\u00f3n laboral, acoso y represalias, y tambi\u00e9n represent\u00f3 a personas encarceladas que impugnaban las condiciones de su confinamiento. Sairah se gradu\u00f3 de la Facultad de Derecho de UCLA en 2019 y recibi\u00f3 una licenciatura en Estudios Urbanos de la Universidad de California, Irvine en 2012. Sairah est\u00e1 admitida para ejercer la abogac\u00eda en California. Habla urdu con fluidez.<\/p>\n","protected":false},"excerpt":{"rendered":"<p>Sairah Budhwani es asociada de Capstone Law. Su pr\u00e1ctica se enfoca en evaluar y analizar reclamos de salarios y horas previos al litigio, incluyendo reclamos por violaciones de la ley de horas extras y salarios m\u00ednimos, requisitos de per\u00edodos de comida y descanso y violaciones del trabajo fuera del horario laboral. Anteriormente, Sairah litig\u00f3 reclamos [&hellip;]<\/p>\n","protected":false},"author":1,"featured_media":0,"parent":2396,"menu_order":0,"comment_status":"closed","ping_status":"open","template":"template-bio.php","meta":[],"_links":{"self":[{"href":"https:\/\/capstonelawyers.com\/es\/wp-json\/wp\/v2\/pages\/3391"}],"collection":[{"href":"https:\/\/capstonelawyers.com\/es\/wp-json\/wp\/v2\/pages"}],"about":[{"href":"https:\/\/capstonelawyers.com\/es\/wp-json\/wp\/v2\/types\/page"}],"author":[{"embeddable":true,"href":"https:\/\/capstonelawyers.com\/es\/wp-json\/wp\/v2\/users\/1"}],"replies":[{"embeddable":true,"href":"https:\/\/capstonelawyers.com\/es\/wp-json\/wp\/v2\/comments?post=3391"}],"version-history":[{"count":1,"href":"https:\/\/capstonelawyers.com\/es\/wp-json\/wp\/v2\/pages\/3391\/revisions"}],"predecessor-version":[{"id":3392,"href":"https:\/\/capstonelawyers.com\/es\/wp-json\/wp\/v2\/pages\/3391\/revisions\/3392"}],"up":[{"embeddable":true,"href":"https:\/\/capstonelawyers.com\/es\/wp-json\/wp\/v2\/pages\/2396"}],"wp:attachment":[{"href":"https:\/\/capstonelawyers.com\/es\/wp-json\/wp\/v2\/media?parent=3391"}],"curies":[{"name":"wp","href":"https:\/\/api.w.org\/{rel}","templated":true}]}}