{"id":3420,"date":"2023-07-07T14:51:02","date_gmt":"2023-07-07T21:51:02","guid":{"rendered":"https:\/\/capstonelawyers.com\/es\/?page_id=3420"},"modified":"2023-07-07T16:19:35","modified_gmt":"2023-07-07T23:19:35","slug":"alexander-wallin","status":"publish","type":"page","link":"https:\/\/capstonelawyers.com\/es\/our-attorneys\/alexander-wallin","title":{"rendered":"Alexander Wallin"},"content":{"rendered":"<p><span style=\"color: #ee4411;\"><strong>Alexander Wallin<\/strong><\/span> es asociado de Capstone Law. Es un litigante apasionado que ha representado con \u00e9xito a empleados contra la injusticia corporativa. Alexander ha recuperado millones de d\u00f3lares en numerosas demandas colectivas de salarios y horas, acciones representativas de la Ley General de Abogados Privados (&#8220;PAGA&#8221;) y demandas por discriminaci\u00f3n individual. Tiene un inter\u00e9s particular en representar a empleados econ\u00f3micamente desfavorecidos que no pueden pagar por representaci\u00f3n legal. Alexander es miembro de la Secci\u00f3n de Derecho Laboral del Colegio de Abogados del Condado de Los \u00c1ngeles y se mantiene al d\u00eda con las \u00e1reas de r\u00e1pida evoluci\u00f3n de las protecciones de salarios y horas. Se gradu\u00f3 de la Facultad de Derecho de Loyola en 2017 y est\u00e1 admitido para ejercer la abogac\u00eda en los Tribunales Superiores de California, as\u00ed como ante el Tribunal de Distrito de los Estados Unidos para los Tribunales del Distrito Central y Norte de California. Ha sido seleccionado como &#8220;Super Lawyers \u2013 Rising Star&#8221; del sur de California en 2022 y 2023.<\/p>\n","protected":false},"excerpt":{"rendered":"<p>Alexander Wallin es asociado de Capstone Law. Es un litigante apasionado que ha representado con \u00e9xito a empleados contra la injusticia corporativa. Alexander ha recuperado millones de d\u00f3lares en numerosas demandas colectivas de salarios y horas, acciones representativas de la Ley General de Abogados Privados (&#8220;PAGA&#8221;) y demandas por discriminaci\u00f3n individual. Tiene un inter\u00e9s particular [&hellip;]<\/p>\n","protected":false},"author":1,"featured_media":0,"parent":2396,"menu_order":0,"comment_status":"closed","ping_status":"open","template":"template-bio.php","meta":[],"_links":{"self":[{"href":"https:\/\/capstonelawyers.com\/es\/wp-json\/wp\/v2\/pages\/3420"}],"collection":[{"href":"https:\/\/capstonelawyers.com\/es\/wp-json\/wp\/v2\/pages"}],"about":[{"href":"https:\/\/capstonelawyers.com\/es\/wp-json\/wp\/v2\/types\/page"}],"author":[{"embeddable":true,"href":"https:\/\/capstonelawyers.com\/es\/wp-json\/wp\/v2\/users\/1"}],"replies":[{"embeddable":true,"href":"https:\/\/capstonelawyers.com\/es\/wp-json\/wp\/v2\/comments?post=3420"}],"version-history":[{"count":1,"href":"https:\/\/capstonelawyers.com\/es\/wp-json\/wp\/v2\/pages\/3420\/revisions"}],"predecessor-version":[{"id":3421,"href":"https:\/\/capstonelawyers.com\/es\/wp-json\/wp\/v2\/pages\/3420\/revisions\/3421"}],"up":[{"embeddable":true,"href":"https:\/\/capstonelawyers.com\/es\/wp-json\/wp\/v2\/pages\/2396"}],"wp:attachment":[{"href":"https:\/\/capstonelawyers.com\/es\/wp-json\/wp\/v2\/media?parent=3420"}],"curies":[{"name":"wp","href":"https:\/\/api.w.org\/{rel}","templated":true}]}}