{"id":3424,"date":"2023-07-07T15:11:19","date_gmt":"2023-07-07T22:11:19","guid":{"rendered":"https:\/\/capstonelawyers.com\/es\/?page_id=3424"},"modified":"2023-07-07T15:11:19","modified_gmt":"2023-07-07T22:11:19","slug":"ryan-tish","status":"publish","type":"page","link":"https:\/\/capstonelawyers.com\/es\/our-attorneys\/ryan-tish","title":{"rendered":"Ryan Tish"},"content":{"rendered":"<p><span style=\"color: #ee4411;\"><strong>Ryan Tish<\/strong><\/span> es abogado senior de Capstone Law.  Su pr\u00e1ctica involucra principalmente acciones colectivas de salarios y horas y acciones representativas de la Ley General de Abogados Privados (&#8220;PAGA&#8221;) en nombre de los empleados por la falta de pago de horas extras y salarios m\u00ednimos, la falta de proporcionar descansos para comer y descansar, la falta de reembolso de los gastos comerciales necesarios y otros reclamos bajo la Ley de Normas Laborales Justas y el C\u00f3digo Laboral de California.<\/p>\n<p>Antes de unirse a Capstone, Ryan fue un asociado en una firma de litigios civiles en Los \u00c1ngeles, manejando una variedad de asuntos, incluyendo contratos comerciales, bienes ra\u00edces y derechos laborales. Ryan ha representado tanto a empleadores como a empleados en acciones que cubren desde reclamos individuales de discriminaci\u00f3n, acoso, represalias y despido injustificado, hasta acciones colectivas y representativas por violaciones de la ley de salarios y horas y privacidad. Ryan se gradu\u00f3 de la Facultad de Derecho Gould de la Universidad del Sur de California y recibi\u00f3 su licenciatura en ingenier\u00eda civil y ambiental de la Universidad de California, Los \u00c1ngeles.<\/p>\n<p>Ryan est\u00e1 admitido para ejercer la abogac\u00eda en California y ante el Tribunal de Distrito de los Estados Unidos para los Distritos Norte, Este, Central y Sur de California.<\/p>\n","protected":false},"excerpt":{"rendered":"<p>Ryan Tish es abogado senior de Capstone Law. Su pr\u00e1ctica involucra principalmente acciones colectivas de salarios y horas y acciones representativas de la Ley General de Abogados Privados (&#8220;PAGA&#8221;) en nombre de los empleados por la falta de pago de horas extras y salarios m\u00ednimos, la falta de proporcionar descansos para comer y descansar, la [&hellip;]<\/p>\n","protected":false},"author":1,"featured_media":0,"parent":2396,"menu_order":0,"comment_status":"closed","ping_status":"open","template":"template-bio.php","meta":[],"_links":{"self":[{"href":"https:\/\/capstonelawyers.com\/es\/wp-json\/wp\/v2\/pages\/3424"}],"collection":[{"href":"https:\/\/capstonelawyers.com\/es\/wp-json\/wp\/v2\/pages"}],"about":[{"href":"https:\/\/capstonelawyers.com\/es\/wp-json\/wp\/v2\/types\/page"}],"author":[{"embeddable":true,"href":"https:\/\/capstonelawyers.com\/es\/wp-json\/wp\/v2\/users\/1"}],"replies":[{"embeddable":true,"href":"https:\/\/capstonelawyers.com\/es\/wp-json\/wp\/v2\/comments?post=3424"}],"version-history":[{"count":1,"href":"https:\/\/capstonelawyers.com\/es\/wp-json\/wp\/v2\/pages\/3424\/revisions"}],"predecessor-version":[{"id":3425,"href":"https:\/\/capstonelawyers.com\/es\/wp-json\/wp\/v2\/pages\/3424\/revisions\/3425"}],"up":[{"embeddable":true,"href":"https:\/\/capstonelawyers.com\/es\/wp-json\/wp\/v2\/pages\/2396"}],"wp:attachment":[{"href":"https:\/\/capstonelawyers.com\/es\/wp-json\/wp\/v2\/media?parent=3424"}],"curies":[{"name":"wp","href":"https:\/\/api.w.org\/{rel}","templated":true}]}}