{"id":3456,"date":"2025-01-13T17:14:59","date_gmt":"2025-01-14T01:14:59","guid":{"rendered":"https:\/\/capstonelawyers.com\/es\/?page_id=3456"},"modified":"2025-01-13T17:14:59","modified_gmt":"2025-01-14T01:14:59","slug":"robert-myong","status":"publish","type":"page","link":"https:\/\/capstonelawyers.com\/es\/our-attorneys\/robert-myong","title":{"rendered":"Robert Myong"},"content":{"rendered":"<p><span style=\"color: #ee4411;\"><strong>Robert Myong<\/strong><\/span> es abogado senior de Capstone Law. Su pr\u00e1ctica se centra en ayudar empleados a recuperar sus salarios impagados, horas extras, y sanciones en acciones colectivas y representativas bajo la Ley de Procedimientos de Demandas de los Trabajadores de California (&#8220;PAGA&#8221;) en tribunales estatales y federales.<\/p>\n<p>Antes de unirse a Capstone, Robert dirigi\u00f3 un equipo de abogados que recuper\u00f3 millones de d\u00f3lares en nombre de empleados por salarios impagados, discriminaci\u00f3n, acoso, represalias, y reclamaciones por despido injustificado. Robert se gradu\u00f3 de Whittier Law School y obtuvo su t\u00edtulo de licenciatura en econom\u00eda en la Universidad del Sur de California.<\/p>\n<p>Robert est\u00e1 autorizado para ejercer la abogac\u00eda en California y ante el Tribunal de Distrito de los Estados Unidos para los Distritos del Norte, Este, Central y Sur de California.<\/p>\n","protected":false},"excerpt":{"rendered":"<p>Robert Myong es abogado senior de Capstone Law. Su pr\u00e1ctica se centra en ayudar empleados a recuperar sus salarios impagados, horas extras, y sanciones en acciones colectivas y representativas bajo la Ley de Procedimientos de Demandas de los Trabajadores de California (&#8220;PAGA&#8221;) en tribunales estatales y federales. Antes de unirse a Capstone, Robert dirigi\u00f3 un [&hellip;]<\/p>\n","protected":false},"author":1,"featured_media":0,"parent":2396,"menu_order":0,"comment_status":"closed","ping_status":"open","template":"template-bio.php","meta":[],"_links":{"self":[{"href":"https:\/\/capstonelawyers.com\/es\/wp-json\/wp\/v2\/pages\/3456"}],"collection":[{"href":"https:\/\/capstonelawyers.com\/es\/wp-json\/wp\/v2\/pages"}],"about":[{"href":"https:\/\/capstonelawyers.com\/es\/wp-json\/wp\/v2\/types\/page"}],"author":[{"embeddable":true,"href":"https:\/\/capstonelawyers.com\/es\/wp-json\/wp\/v2\/users\/1"}],"replies":[{"embeddable":true,"href":"https:\/\/capstonelawyers.com\/es\/wp-json\/wp\/v2\/comments?post=3456"}],"version-history":[{"count":1,"href":"https:\/\/capstonelawyers.com\/es\/wp-json\/wp\/v2\/pages\/3456\/revisions"}],"predecessor-version":[{"id":3457,"href":"https:\/\/capstonelawyers.com\/es\/wp-json\/wp\/v2\/pages\/3456\/revisions\/3457"}],"up":[{"embeddable":true,"href":"https:\/\/capstonelawyers.com\/es\/wp-json\/wp\/v2\/pages\/2396"}],"wp:attachment":[{"href":"https:\/\/capstonelawyers.com\/es\/wp-json\/wp\/v2\/media?parent=3456"}],"curies":[{"name":"wp","href":"https:\/\/api.w.org\/{rel}","templated":true}]}}