{"id":3511,"date":"2026-01-14T15:39:33","date_gmt":"2026-01-14T23:39:33","guid":{"rendered":"https:\/\/capstonelawyers.com\/es\/?page_id=3511"},"modified":"2026-01-14T15:39:33","modified_gmt":"2026-01-14T23:39:33","slug":"kathy-pham","status":"publish","type":"page","link":"https:\/\/capstonelawyers.com\/es\/our-attorneys\/kathy-pham","title":{"rendered":"Kathy Pham"},"content":{"rendered":"<p><span style=\"color: #ee4411;\"><strong>Kathy Pham<\/strong><\/span> es asociada de Capstone Law. Su pr\u00e1ctica se centra principalmente en representar a los consumidores en asuntos de litigios por defectos automovil\u00edsticos. Antes de unirse a Capstone, ella represent\u00f3 a consumidores en casos de fraude automovil\u00edsticos y defectos automovil\u00edsticos, ayudando a las personas en obtener resultados favorables bajo la Ley de Recursos Legales de Consumidores y la Ley de Garant\u00eda del Consumidor Song-Beverly. Kathy se gradu\u00f3 de la Facultad de Derecho de California Western en 2019 con especializaci\u00f3n en Derecho Internacional.\u00a0Kathy est\u00e1 autorizada para ejercer la abogac\u00eda en California. Habla vietnamita con fluidez.<\/p>\n","protected":false},"excerpt":{"rendered":"<p>Kathy Pham es asociada de Capstone Law. Su pr\u00e1ctica se centra principalmente en representar a los consumidores en asuntos de litigios por defectos automovil\u00edsticos. Antes de unirse a Capstone, ella represent\u00f3 a consumidores en casos de fraude automovil\u00edsticos y defectos automovil\u00edsticos, ayudando a las personas en obtener resultados favorables bajo la Ley de Recursos Legales [&hellip;]<\/p>\n","protected":false},"author":1,"featured_media":0,"parent":2396,"menu_order":0,"comment_status":"closed","ping_status":"open","template":"template-bio.php","meta":[],"_links":{"self":[{"href":"https:\/\/capstonelawyers.com\/es\/wp-json\/wp\/v2\/pages\/3511"}],"collection":[{"href":"https:\/\/capstonelawyers.com\/es\/wp-json\/wp\/v2\/pages"}],"about":[{"href":"https:\/\/capstonelawyers.com\/es\/wp-json\/wp\/v2\/types\/page"}],"author":[{"embeddable":true,"href":"https:\/\/capstonelawyers.com\/es\/wp-json\/wp\/v2\/users\/1"}],"replies":[{"embeddable":true,"href":"https:\/\/capstonelawyers.com\/es\/wp-json\/wp\/v2\/comments?post=3511"}],"version-history":[{"count":1,"href":"https:\/\/capstonelawyers.com\/es\/wp-json\/wp\/v2\/pages\/3511\/revisions"}],"predecessor-version":[{"id":3512,"href":"https:\/\/capstonelawyers.com\/es\/wp-json\/wp\/v2\/pages\/3511\/revisions\/3512"}],"up":[{"embeddable":true,"href":"https:\/\/capstonelawyers.com\/es\/wp-json\/wp\/v2\/pages\/2396"}],"wp:attachment":[{"href":"https:\/\/capstonelawyers.com\/es\/wp-json\/wp\/v2\/media?parent=3511"}],"curies":[{"name":"wp","href":"https:\/\/api.w.org\/{rel}","templated":true}]}}