{"id":3519,"date":"2026-02-26T12:49:28","date_gmt":"2026-02-26T20:49:28","guid":{"rendered":"https:\/\/capstonelawyers.com\/es\/?page_id=3519"},"modified":"2026-02-26T12:49:28","modified_gmt":"2026-02-26T20:49:28","slug":"richard-j-hogan","status":"publish","type":"page","link":"https:\/\/capstonelawyers.com\/es\/our-attorneys\/richard-hogan","title":{"rendered":"Richard J. Hogan"},"content":{"rendered":"<p><span style=\"color: #ee4411;\"><strong>Richard J. Hogan<\/strong><\/span> es asociado de Capstone Law. Richard representa a empleados y consumidores en litigios complejos, principalmente demandas colectivas de salarios y horas y acciones representativas de la Ley de Abogados Generales Privados (&#8220;PAGA&#8221;). Richard se enfoca en asuntos que proceden a juicio, arbitraje y mediaci\u00f3n.<\/p>\n<p>A lo largo de su carrera, Richard ha argumentado m\u00e1s de 40 juicios combinados con jurado y sin jurado en los \u00e1mbitos del derecho penal, familiar, y civil general. Antes de unirse a Capstone, Richard abog\u00f3 por clientes en una amplia gama de casos, incluyendo casos complejos de la responsabilidad civil por productos defectuosos, negligencia profesional, y el homicidio. Richard se gradu\u00f3 de la Facultad de Derecho de la Universidad de California, Hastings, donde fue editor del Hastings Business Law Journal.<\/p>\n<p>Richard est\u00e1 autorizado para ejercer la abogac\u00eda en California y ante el Tribunal de Distrito de los Estados Unidos para los Distritos Este y Central de California. Adem\u00e1s de su trabajo legal, Richard es apasionado sobre viajar, habiendo pasado un tiempo considerable en Am\u00e9rica del Sur y Central, Asia y Europa. Durante sus viajes, Richard se hizo competente en el idioma espa\u00f1ol. Cuando est\u00e1 en los Estados Unidos, Richard disfruta viendo el f\u00fatbol americano de la NFL.<\/p>\n","protected":false},"excerpt":{"rendered":"<p>Richard J. Hogan es asociado de Capstone Law. Richard representa a empleados y consumidores en litigios complejos, principalmente demandas colectivas de salarios y horas y acciones representativas de la Ley de Abogados Generales Privados (&#8220;PAGA&#8221;). Richard se enfoca en asuntos que proceden a juicio, arbitraje y mediaci\u00f3n. A lo largo de su carrera, Richard ha [&hellip;]<\/p>\n","protected":false},"author":1,"featured_media":0,"parent":2396,"menu_order":0,"comment_status":"closed","ping_status":"open","template":"template-bio.php","meta":[],"_links":{"self":[{"href":"https:\/\/capstonelawyers.com\/es\/wp-json\/wp\/v2\/pages\/3519"}],"collection":[{"href":"https:\/\/capstonelawyers.com\/es\/wp-json\/wp\/v2\/pages"}],"about":[{"href":"https:\/\/capstonelawyers.com\/es\/wp-json\/wp\/v2\/types\/page"}],"author":[{"embeddable":true,"href":"https:\/\/capstonelawyers.com\/es\/wp-json\/wp\/v2\/users\/1"}],"replies":[{"embeddable":true,"href":"https:\/\/capstonelawyers.com\/es\/wp-json\/wp\/v2\/comments?post=3519"}],"version-history":[{"count":1,"href":"https:\/\/capstonelawyers.com\/es\/wp-json\/wp\/v2\/pages\/3519\/revisions"}],"predecessor-version":[{"id":3520,"href":"https:\/\/capstonelawyers.com\/es\/wp-json\/wp\/v2\/pages\/3519\/revisions\/3520"}],"up":[{"embeddable":true,"href":"https:\/\/capstonelawyers.com\/es\/wp-json\/wp\/v2\/pages\/2396"}],"wp:attachment":[{"href":"https:\/\/capstonelawyers.com\/es\/wp-json\/wp\/v2\/media?parent=3519"}],"curies":[{"name":"wp","href":"https:\/\/api.w.org\/{rel}","templated":true}]}}