{"id":3521,"date":"2026-02-26T13:04:48","date_gmt":"2026-02-26T21:04:48","guid":{"rendered":"https:\/\/capstonelawyers.com\/es\/?page_id=3521"},"modified":"2026-02-26T13:04:48","modified_gmt":"2026-02-26T21:04:48","slug":"jeffrey-jeff-jimenez","status":"publish","type":"page","link":"https:\/\/capstonelawyers.com\/es\/our-attorneys\/jeffrey-jimenez","title":{"rendered":"Jeffrey &#8220;Jeff&#8221; Jim\u00e9nez"},"content":{"rendered":"<p><span style=\"color: #ee4411;\"><strong>Jeffrey &#8220;Jeff&#8221; Jim\u00e9nez<\/strong><\/span> es asociado de Capstone Law. Su pr\u00e1ctica se centra en el procesamiento de demandas colectivas de salarios y horas y acciones representativas de la Ley de Abogados Generales Privados (&#8220;PAGA&#8221;) en nombre de los empleados. Antes de unirse a Capstone, Jeff fue asociado en un bufete de abogados de demandantes donde represent\u00f3 a empleados en demandas colectivas, acciones representativas de la PAGA, y acciones de la Ley de Vivienda y Empleo Justo (&#8220;FEHA&#8221;) por reclamos de discriminaci\u00f3n, acoso y represalias. Jeff se gradu\u00f3 de la Facultad de Derecho de Southwestern. Obtuvo su licenciatura en la Universidad de California, Irvine, donde se especializ\u00f3 en Historia. Antes de la transici\u00f3n a la abogac\u00eda, Jeff trabaj\u00f3 como maestro de educaci\u00f3n especial en el sur de California. El est\u00e1 autorizado para ejercer la abogac\u00eda en California y ante el Tribunal de Distrito de los Estados Unidos para los Distritos Este, Central y Sur de California. Habla espa\u00f1ol con fluidez.<\/p>\n","protected":false},"excerpt":{"rendered":"<p>Jeffrey &#8220;Jeff&#8221; Jim\u00e9nez es asociado de Capstone Law. Su pr\u00e1ctica se centra en el procesamiento de demandas colectivas de salarios y horas y acciones representativas de la Ley de Abogados Generales Privados (&#8220;PAGA&#8221;) en nombre de los empleados. Antes de unirse a Capstone, Jeff fue asociado en un bufete de abogados de demandantes donde represent\u00f3 [&hellip;]<\/p>\n","protected":false},"author":1,"featured_media":0,"parent":2396,"menu_order":0,"comment_status":"closed","ping_status":"open","template":"template-bio.php","meta":[],"_links":{"self":[{"href":"https:\/\/capstonelawyers.com\/es\/wp-json\/wp\/v2\/pages\/3521"}],"collection":[{"href":"https:\/\/capstonelawyers.com\/es\/wp-json\/wp\/v2\/pages"}],"about":[{"href":"https:\/\/capstonelawyers.com\/es\/wp-json\/wp\/v2\/types\/page"}],"author":[{"embeddable":true,"href":"https:\/\/capstonelawyers.com\/es\/wp-json\/wp\/v2\/users\/1"}],"replies":[{"embeddable":true,"href":"https:\/\/capstonelawyers.com\/es\/wp-json\/wp\/v2\/comments?post=3521"}],"version-history":[{"count":1,"href":"https:\/\/capstonelawyers.com\/es\/wp-json\/wp\/v2\/pages\/3521\/revisions"}],"predecessor-version":[{"id":3522,"href":"https:\/\/capstonelawyers.com\/es\/wp-json\/wp\/v2\/pages\/3521\/revisions\/3522"}],"up":[{"embeddable":true,"href":"https:\/\/capstonelawyers.com\/es\/wp-json\/wp\/v2\/pages\/2396"}],"wp:attachment":[{"href":"https:\/\/capstonelawyers.com\/es\/wp-json\/wp\/v2\/media?parent=3521"}],"curies":[{"name":"wp","href":"https:\/\/api.w.org\/{rel}","templated":true}]}}