{"id":3523,"date":"2026-02-26T13:09:10","date_gmt":"2026-02-26T21:09:10","guid":{"rendered":"https:\/\/capstonelawyers.com\/es\/?page_id=3523"},"modified":"2026-02-26T13:09:10","modified_gmt":"2026-02-26T21:09:10","slug":"afife-bicakci","status":"publish","type":"page","link":"https:\/\/capstonelawyers.com\/es\/our-attorneys\/afife-bicakci","title":{"rendered":"Afife Bicakci"},"content":{"rendered":"<p><span style=\"color: #ee4411;\"><strong>Afife Bicakci<\/strong><\/span> es asociada de Capstone Law.\u00a0Su pr\u00e1ctica se centra en el procesamiento de demandas colectivas de salarios y horas y acciones representativas bajo la Ley de Abogados Generales Privados (&#8220;PAGA&#8221;) en nombre de empleados. Antes de unirse a Capstone, tambi\u00e9n represent\u00f3 a empleados en acciones presentadas bajo la Ley de Vivienda y Empleo Justo (&#8220;FEHA&#8221;) que involucraban reclamos de discriminaci\u00f3n, acoso y represalias. Al principio de su carrera, en Turqu\u00eda, ella litig\u00f3 disputas laborales desde el lado de la defensa. Afife obtuvo su Licenciatura en Derecho (equivalente a un J.D.) de la Universidad de Baskent en Ankara, Turqu\u00eda, y su LL.M. de la Facultad de Derecho Lincoln de San Jos\u00e9. Est\u00e1 autorizada para ejercer la abogac\u00eda en California y Turqu\u00eda. Afife habla turco con fluidez.<\/p>\n","protected":false},"excerpt":{"rendered":"<p>Afife Bicakci es asociada de Capstone Law.\u00a0Su pr\u00e1ctica se centra en el procesamiento de demandas colectivas de salarios y horas y acciones representativas bajo la Ley de Abogados Generales Privados (&#8220;PAGA&#8221;) en nombre de empleados. Antes de unirse a Capstone, tambi\u00e9n represent\u00f3 a empleados en acciones presentadas bajo la Ley de Vivienda y Empleo Justo [&hellip;]<\/p>\n","protected":false},"author":1,"featured_media":0,"parent":2396,"menu_order":0,"comment_status":"closed","ping_status":"open","template":"template-bio.php","meta":[],"_links":{"self":[{"href":"https:\/\/capstonelawyers.com\/es\/wp-json\/wp\/v2\/pages\/3523"}],"collection":[{"href":"https:\/\/capstonelawyers.com\/es\/wp-json\/wp\/v2\/pages"}],"about":[{"href":"https:\/\/capstonelawyers.com\/es\/wp-json\/wp\/v2\/types\/page"}],"author":[{"embeddable":true,"href":"https:\/\/capstonelawyers.com\/es\/wp-json\/wp\/v2\/users\/1"}],"replies":[{"embeddable":true,"href":"https:\/\/capstonelawyers.com\/es\/wp-json\/wp\/v2\/comments?post=3523"}],"version-history":[{"count":1,"href":"https:\/\/capstonelawyers.com\/es\/wp-json\/wp\/v2\/pages\/3523\/revisions"}],"predecessor-version":[{"id":3524,"href":"https:\/\/capstonelawyers.com\/es\/wp-json\/wp\/v2\/pages\/3523\/revisions\/3524"}],"up":[{"embeddable":true,"href":"https:\/\/capstonelawyers.com\/es\/wp-json\/wp\/v2\/pages\/2396"}],"wp:attachment":[{"href":"https:\/\/capstonelawyers.com\/es\/wp-json\/wp\/v2\/media?parent=3523"}],"curies":[{"name":"wp","href":"https:\/\/api.w.org\/{rel}","templated":true}]}}