{"id":3532,"date":"2026-03-04T14:26:50","date_gmt":"2026-03-04T22:26:50","guid":{"rendered":"https:\/\/capstonelawyers.com\/es\/?page_id=3532"},"modified":"2026-03-04T14:26:50","modified_gmt":"2026-03-04T22:26:50","slug":"abigail-gertner","status":"publish","type":"page","link":"https:\/\/capstonelawyers.com\/es\/our-attorneys\/abigail-gertner","title":{"rendered":"Abigail Gertner"},"content":{"rendered":"<p><span style=\"color: #ee4411;\"><strong>Abigail Gertner<\/strong><\/span> es abogado senior de Capstone Law. Abigail persigue demandas automovil\u00edsticas y otros litigios de consumidores, con un enfoque de productos defectuosos. Sus esfuerzos han contribuido a la resoluci\u00f3n exitosa de numerosos casos, incluyendo <em>Weckwerth v. Nissan North America, Inc.<\/em>, No. 18-00588 (M.D. Tenn.) (proporcionando un beneficio de $407 a $547 millones de d\u00f3lares a una clase de casi 3 millones de consumidores); <em>Hickman v. Subaru of America, Inc.<\/em>, No. 21-02100 (D.N.J.) (proporcionando reembolsos, reparaciones de transmisi\u00f3n y ampliaciones de garant\u00eda a aproximadamente 160,000 consumidores); <em>Rieger v. Volkswagen Group of America, Inc.<\/em>, No. 21-10546 (D.N.J.) (proporcionando reembolsos por reparaciones de motor y ampliaciones de garant\u00eda a m\u00e1s de 300,000 consumidores); y <em>Gioffe v. Volkswagen Group of America, Inc.<\/em>, No. 22-00193 (D.N.J.) (proporcionando el reembolso del 100% por reparaciones o reemplazo de m\u00f3dulos de control de pasarela da\u00f1ados por la intrusi\u00f3n de agua).<\/p>\n<p>Antes de unirse a Capstone Law, Abigail acumul\u00f3 m\u00e1s de dos d\u00e9cadas de experiencia en litigios como una abogada de acciones colectivas, trabajando en protecci\u00f3n al consumidor, ERISA, sanidad, valores y litigios antimonopolio en varios despachos de abogados reconocidos a nivel nacional. Durante su etapa en la Facultad de Derecho de la Universidad de Santa Clara, realiz\u00f3 pr\u00e1cticas en la Fiscal\u00eda del Condado de Santa Clara, en la unidad de Abuso de las populaciones Menores y Ancianos. Antes de eso, se gradu\u00f3 en la Universidad de Tulane con una Licenciatura en Psicolog\u00eda y una Licenciatura en Estudios Cl\u00e1sicos.<\/p>\n<p>Abigail est\u00e1 autorizada a ejercer la abogac\u00eda en Pensilvania y Nueva Jersey y ante el Tribunal de Distrito de los Estados Unidos para el Distrito Este de Pensilvania, el Tribunal de Distrito de los Estados Unidos para el Distrito de Nueva Jersey y el Tribunal de Distrito de los Estados Unidos para el Distrito Este de M\u00edchigan.<\/p>\n","protected":false},"excerpt":{"rendered":"<p>Abigail Gertner es abogado senior de Capstone Law. Abigail persigue demandas automovil\u00edsticas y otros litigios de consumidores, con un enfoque de productos defectuosos. Sus esfuerzos han contribuido a la resoluci\u00f3n exitosa de numerosos casos, incluyendo Weckwerth v. Nissan North America, Inc., No. 18-00588 (M.D. Tenn.) (proporcionando un beneficio de $407 a $547 millones de d\u00f3lares [&hellip;]<\/p>\n","protected":false},"author":1,"featured_media":0,"parent":2396,"menu_order":0,"comment_status":"closed","ping_status":"open","template":"template-bio.php","meta":[],"_links":{"self":[{"href":"https:\/\/capstonelawyers.com\/es\/wp-json\/wp\/v2\/pages\/3532"}],"collection":[{"href":"https:\/\/capstonelawyers.com\/es\/wp-json\/wp\/v2\/pages"}],"about":[{"href":"https:\/\/capstonelawyers.com\/es\/wp-json\/wp\/v2\/types\/page"}],"author":[{"embeddable":true,"href":"https:\/\/capstonelawyers.com\/es\/wp-json\/wp\/v2\/users\/1"}],"replies":[{"embeddable":true,"href":"https:\/\/capstonelawyers.com\/es\/wp-json\/wp\/v2\/comments?post=3532"}],"version-history":[{"count":1,"href":"https:\/\/capstonelawyers.com\/es\/wp-json\/wp\/v2\/pages\/3532\/revisions"}],"predecessor-version":[{"id":3533,"href":"https:\/\/capstonelawyers.com\/es\/wp-json\/wp\/v2\/pages\/3532\/revisions\/3533"}],"up":[{"embeddable":true,"href":"https:\/\/capstonelawyers.com\/es\/wp-json\/wp\/v2\/pages\/2396"}],"wp:attachment":[{"href":"https:\/\/capstonelawyers.com\/es\/wp-json\/wp\/v2\/media?parent=3532"}],"curies":[{"name":"wp","href":"https:\/\/api.w.org\/{rel}","templated":true}]}}