{"id":3534,"date":"2026-03-04T14:41:56","date_gmt":"2026-03-04T22:41:56","guid":{"rendered":"https:\/\/capstonelawyers.com\/es\/?page_id=3534"},"modified":"2026-03-04T14:41:56","modified_gmt":"2026-03-04T22:41:56","slug":"majdi-hijazin","status":"publish","type":"page","link":"https:\/\/capstonelawyers.com\/es\/our-attorneys\/majdi-hijazin","title":{"rendered":"Majdi Hijazin"},"content":{"rendered":"<p><span style=\"color: #ee4411;\"><strong>Majdi Hijazin<\/strong><\/span> es abogado senior de Capstone Law. Su pr\u00e1ctica se centra principalmente en representar a consumidores en litigios complejos. Actualmente, Majdi persigue demandas colectivas por defectos automovil\u00edsticos y otras acciones colectivas de consumidores en todo Estados Unidos.<\/p>\n<p>Antes de unirse a Capstone, Majdi lider\u00f3 un equipo nacional de seis abogados en la presentaci\u00f3n de reclamaciones bajo la Ley de Privacidad de la Informaci\u00f3n Biom\u00e9trica de Illinois (BIPA), donde \u00e9l y su equipo obten\u00edan habitualmente acuerdos de alto valor para sus clientes. Majdi ha procesado numerosas demandas individuales y colectivas bajo la Ley de Informes Justos de Cr\u00e9dito (FCRA), la Ley de Pr\u00e1cticas Justas de Cobro de Deudas (FDCPA), la Ley de Protecci\u00f3n al Consumidor Telef\u00f3nica (TCPA) y la Ley de Fraude al Consumidor de Illinois (ICFA). En nombre de los propietarios de casas agraviados, Majdi form\u00f3 parte de un equipo de juicio en el que sus esfuerzos fueron fundamentales para conseguir dos veredictos de jurado multimillonarios. Ver <em>Hammer v. Residential Credit Solutions, Inc.<\/em>, No. 13 C 6397 (N.D. Ill. 3 de diciembre de 2015), y <em>Saccameno v. Ocwen Loan Servicing, LLC<\/em>, 372 F. Supp. 3d 609 (N.D. Ill. 2019). M\u00e1s recientemente, a finales de 2023, el trabajo de Majdi fue vital para asegurar un acuerdo de siete cifras en el tercer d\u00eda del juicio. Majdi se gradu\u00f3 de la Facultad de Derecho de Chicago de la Universidad de Illinois.<\/p>\n<p>Majdi est\u00e1 autorizado para ejercer la abogac\u00eda en Illinois y ante el Tribunal de Distrito de los Estados Unidos para los Distritos Norte, Central y Sur de Illinois; el Tribunal de Distrito de los Estados Unidos para los Distritos Norte, Este y Oeste de Texas; el Tribunal de Distrito de los Estados Unidos para los Distritos Este y Oeste de Wisconsin; el Tribunal de Distrito de los Estados Unidos para el Distrito Sur de Indiana; el Tribunal de Distrito de los Estados Unidos para el Distrito Este de Michigan; y el Tribunal de Distrito de los Estados Unidos para el Distrito Norte de Ohio. Es miembro del Centro Nacional de Derecho del Consumidor (NCLC) y de la Asociaci\u00f3n de Abogados \u00c1rabe-Americanos (AABA). Majdi ha sido seleccionado como uno de los &#8220;Super Abogados&#8221; de Illinois en todos los a\u00f1os desde 2011 hasta 2024. Habla \u00e1rabe con fluidez.<\/p>\n","protected":false},"excerpt":{"rendered":"<p>Majdi Hijazin es abogado senior de Capstone Law. Su pr\u00e1ctica se centra principalmente en representar a consumidores en litigios complejos. Actualmente, Majdi persigue demandas colectivas por defectos automovil\u00edsticos y otras acciones colectivas de consumidores en todo Estados Unidos. Antes de unirse a Capstone, Majdi lider\u00f3 un equipo nacional de seis abogados en la presentaci\u00f3n de [&hellip;]<\/p>\n","protected":false},"author":1,"featured_media":0,"parent":2396,"menu_order":0,"comment_status":"closed","ping_status":"open","template":"template-bio.php","meta":[],"_links":{"self":[{"href":"https:\/\/capstonelawyers.com\/es\/wp-json\/wp\/v2\/pages\/3534"}],"collection":[{"href":"https:\/\/capstonelawyers.com\/es\/wp-json\/wp\/v2\/pages"}],"about":[{"href":"https:\/\/capstonelawyers.com\/es\/wp-json\/wp\/v2\/types\/page"}],"author":[{"embeddable":true,"href":"https:\/\/capstonelawyers.com\/es\/wp-json\/wp\/v2\/users\/1"}],"replies":[{"embeddable":true,"href":"https:\/\/capstonelawyers.com\/es\/wp-json\/wp\/v2\/comments?post=3534"}],"version-history":[{"count":1,"href":"https:\/\/capstonelawyers.com\/es\/wp-json\/wp\/v2\/pages\/3534\/revisions"}],"predecessor-version":[{"id":3535,"href":"https:\/\/capstonelawyers.com\/es\/wp-json\/wp\/v2\/pages\/3534\/revisions\/3535"}],"up":[{"embeddable":true,"href":"https:\/\/capstonelawyers.com\/es\/wp-json\/wp\/v2\/pages\/2396"}],"wp:attachment":[{"href":"https:\/\/capstonelawyers.com\/es\/wp-json\/wp\/v2\/media?parent=3534"}],"curies":[{"name":"wp","href":"https:\/\/api.w.org\/{rel}","templated":true}]}}