{"id":3542,"date":"2026-03-18T11:40:13","date_gmt":"2026-03-18T18:40:13","guid":{"rendered":"https:\/\/capstonelawyers.com\/es\/?page_id=3542"},"modified":"2026-03-18T15:22:52","modified_gmt":"2026-03-18T22:22:52","slug":"shahin-rezvani","status":"publish","type":"page","link":"https:\/\/capstonelawyers.com\/es\/our-attorneys\/shahin-rezvani","title":{"rendered":"Shahin Rezvani"},"content":{"rendered":"<p><span style=\"color: #ee4411;\"><strong>Shahin Rezvani<\/strong><\/span> es abogado senior de Capstone Law. Su pr\u00e1ctica se centra en el litigio de demandas colectivas de consumidores. Shahin tiene una amplia experiencia en juicios de gran magnitud. Desempe\u00f1\u00f3 un papel fundamental en el juicio con jurado por infracci\u00f3n de patente entre Freedom Wireless y Boston Communications, que se prolong\u00f3 durante cinco meses, logrando un veredicto de $128 millones de d\u00f3lares, una cifra monumental en aquel momento. Igualmente significativo fue su papel en el juicio ante jurado antimonopolio, <em>Rambus v. Micron<\/em>, en el que se rechaz\u00f3 un reclamo de $4 mil millones de d\u00f3lares, y en el juicio por destrucci\u00f3n de pruebas <em>Micron v. Rambus<\/em>, que dio lugar a que las patentes de SDRAM y DDR SDRAM de Rambus quedaran sin efecto. El impacto de Shahin se extiende m\u00e1s que solo los casos grandes, incluyendo un veredicto favorable para un ejecutivo de la industria del entretenimiento y la defensa exitosa contra demandas por incumplimiento de contrato y fraude en el sector electr\u00f3nico. Tambi\u00e9n ha obtenido sentencias de derecho en mociones posteriores al juicio y ha conseguido sentencias sumarias, como la victoria en una demanda temprana por ciberocupaci\u00f3n para la Academia de Artes y Ciencias Cinematogr\u00e1ficas.<\/p>\n<p>Antes de unirse a Capstone, Shahin fue abogado s\u00e9nior en un bufete especializado en demandas colectivas en representaci\u00f3n de los demandantes, donde se ocup\u00f3 de casos relacionados con salarios y horarios laborales, fraude al consumidor, violaciones de datos y otras demandas colectivas. Durante su estancia all\u00ed, contribuy\u00f3 a lograr el segundo mayor acuerdo de resoluci\u00f3n del pa\u00eds en un caso de demanda colectiva en virtud de la ADA contra Hyatt Corporation. Con m\u00e1s de dos d\u00e9cadas de experiencia jur\u00eddica en disputas relacionadas con la ley antimonopolio, demandas colectivas, fraude al consumidor, derechos de autor, empleo, patentes, valores y marcas registradas, sus habilidades y logros abarcan una amplia gama de \u00e1reas de pr\u00e1ctica. Shahin ha representado anteriormente tanto a demandantes como a demandados en asuntos relacionados con la ley antimonopolio, la ley ERISA, el empleo y otros temas. Shahin se gradu\u00f3 de la Facultad de Derecho de la Universidad de California en Berkeley y obtuvo su licenciatura en la Universidad de California, Los \u00c1ngeles.<\/p>\n<p>Shahin est\u00e1 autorizado para ejercer la abogac\u00eda en California y ante el Tribunal de Distrito de los Estados Unidos para los Distritos Norte, Este, Central, y Sur de California, el Tribunal de Apelaciones del Noveno Circuito, y el Tribunal de Distrito de los Estados Unidos para el Distrito Este de Michigan.<\/p>\n","protected":false},"excerpt":{"rendered":"<p>Shahin Rezvani es abogado senior de Capstone Law. Su pr\u00e1ctica se centra en el litigio de demandas colectivas de consumidores. Shahin tiene una amplia experiencia en juicios de gran magnitud. Desempe\u00f1\u00f3 un papel fundamental en el juicio con jurado por infracci\u00f3n de patente entre Freedom Wireless y Boston Communications, que se prolong\u00f3 durante cinco meses, [&hellip;]<\/p>\n","protected":false},"author":1,"featured_media":0,"parent":2396,"menu_order":0,"comment_status":"closed","ping_status":"open","template":"template-bio.php","meta":[],"_links":{"self":[{"href":"https:\/\/capstonelawyers.com\/es\/wp-json\/wp\/v2\/pages\/3542"}],"collection":[{"href":"https:\/\/capstonelawyers.com\/es\/wp-json\/wp\/v2\/pages"}],"about":[{"href":"https:\/\/capstonelawyers.com\/es\/wp-json\/wp\/v2\/types\/page"}],"author":[{"embeddable":true,"href":"https:\/\/capstonelawyers.com\/es\/wp-json\/wp\/v2\/users\/1"}],"replies":[{"embeddable":true,"href":"https:\/\/capstonelawyers.com\/es\/wp-json\/wp\/v2\/comments?post=3542"}],"version-history":[{"count":2,"href":"https:\/\/capstonelawyers.com\/es\/wp-json\/wp\/v2\/pages\/3542\/revisions"}],"predecessor-version":[{"id":3544,"href":"https:\/\/capstonelawyers.com\/es\/wp-json\/wp\/v2\/pages\/3542\/revisions\/3544"}],"up":[{"embeddable":true,"href":"https:\/\/capstonelawyers.com\/es\/wp-json\/wp\/v2\/pages\/2396"}],"wp:attachment":[{"href":"https:\/\/capstonelawyers.com\/es\/wp-json\/wp\/v2\/media?parent=3542"}],"curies":[{"name":"wp","href":"https:\/\/api.w.org\/{rel}","templated":true}]}}