{"id":4,"date":"2013-02-04T12:42:27","date_gmt":"2013-02-04T20:42:27","guid":{"rendered":"http:\/\/10.129.3.208\/CapstoneNew\/?page_id=4"},"modified":"2021-09-14T17:35:46","modified_gmt":"2021-09-15T00:35:46","slug":"firm-overview","status":"publish","type":"page","link":"https:\/\/capstonelawyers.com\/es\/","title":{"rendered":"Firm Overview"},"content":{"rendered":"<h3>Resumen De La Firma<\/h3>\n<p>En Capstone Law APC, creemos que empleados deben recibir un trato justo, consumidores deben obtener lo que pagan, y sus derechos deben protegerse incluso cuando alguien no pueda pagar un abogado. Capstone Law intenta representar a empleados, consumidores e inversionistas en todo el pa\u00eds en litigios relacionados con el trabajo, derechos laborales, leyes de privacidad, defectos de autom\u00f3viles u otros productos, protecci\u00f3n del consumidor, publicidad falsa, otras pr\u00e1cticas comerciales enga\u00f1osas y fraude de valores.<\/p>\n<p>Los abogados de Capstone comprenden las t\u00e1cticas que utilizan los demandados \u200b\u200bbien financiados para protegerse de responsabilidades. De hecho, varios de nuestros abogados trabajaron anteriormente para grandes bufetes de abogados nacionales y han graduaro de las mejores facultades y escuelas de derecho y leyes, incluyendo Harvard, la Universidad de Michigan, UCLA y USC. Capstone Law tiene el talento, la experiencia, los recursos financieros y el conocimiento profundo para litigar con \u00e9xito los casos m\u00e1s complejos y desafiantes contra las corporaciones m\u00e1s grandes del pa\u00eds, cuando las mismas corporaciones ignoran las leyes laborales y las protecciones que existen en lugares de trabajo, hacen afirmaciones enga\u00f1osas, violan las protecciones de privacidad o venden productos y servicios defectuosos.<\/p>\n<p>Nuestro bufete de abogados est\u00e1 organizado en cuatro \u00e1reas principales de pr\u00e1ctica: <a title=\"Trabajo y Empleo\" href=\"https:\/\/capstonelawyers.com\/es\/practice-areas\/labor-employment\/\">Trabajo y Empleo<\/a>,\u00a0<a title=\"Derechos Del Consumidor\" href=\"https:\/\/capstonelawyers.com\/es\/practice-areas\/consumer-rights\/\">Derechos Del Consumidor<\/a>,\u00a0<a title=\"Defectos Automovil\u00edstico\" href=\"https:\/\/capstonelawyers.com\/es\/practice-areas\/automotive-defects\/\">Defectos Automovil\u00edstico<\/a>, y\u00a0<a title=\"Fraude De Valores\" href=\"https:\/\/capstonelawyers.com\/es\/practice-areas\/securities-fraud\/\">Fraude De Valores<\/a>. Tambi\u00e9n mantenemos departamentos para\u00a0<a title=\"Acciones Masivas\" href=\"https:\/\/capstonelawyers.com\/es\/practice-areas\/mass-actions\/\">Acciones Masivas<\/a>\u00a0y <a title=\"Apelaciones y Mociones Complejas\" href=\"https:\/\/capstonelawyers.com\/es\/practice-areas\/appeals-complex-motions\/\">Apelaciones y Mociones Complejas<\/a>. Nuestro bufete lleva casos en los tribunales estatales y federales de California, as\u00ed como en los tribunales de todo el pa\u00eds. Tambi\u00e9n perseguimos los reclamos de nuestros clientes en arbitrajes y en frente de agencias administrativas. Cualquiera que sea el foro o lugar, Capstone Law invierte el tiempo y los recursos necesarios para perseguir sus casos de manera vigorosa. <\/p>\n<p>Como parte de nuestro compromiso con la justicia social, nuestra firma apoya pol\u00edticas p\u00fablicas, campa\u00f1as educativas y esfuerzos legislativos para asegurar y expandir los derechos de los consumidores y los trabajadores. La firma tambi\u00e9n publica\u00a0<a href=\"http:\/\/www.impactlitigation.com\/\" target=\"_blank\" rel=\"noopener\">el Impact Litigation Journal<\/a>, donde continuamente se comentan importantes desarrollos legales en el \u00e1rea de acciones representativas y otros litigios complejos.<\/p>\n","protected":false},"excerpt":{"rendered":"<p>Resumen De La Firma En Capstone Law APC, creemos que empleados deben recibir un trato justo, consumidores deben obtener lo que pagan, y sus derechos deben protegerse incluso cuando alguien no pueda pagar un abogado. Capstone Law intenta representar a empleados, consumidores e inversionistas en todo el pa\u00eds en litigios relacionados con el trabajo, derechos [&hellip;]<\/p>\n","protected":false},"author":1,"featured_media":0,"parent":0,"menu_order":0,"comment_status":"open","ping_status":"open","template":"template-home.php","meta":[],"_links":{"self":[{"href":"https:\/\/capstonelawyers.com\/es\/wp-json\/wp\/v2\/pages\/4"}],"collection":[{"href":"https:\/\/capstonelawyers.com\/es\/wp-json\/wp\/v2\/pages"}],"about":[{"href":"https:\/\/capstonelawyers.com\/es\/wp-json\/wp\/v2\/types\/page"}],"author":[{"embeddable":true,"href":"https:\/\/capstonelawyers.com\/es\/wp-json\/wp\/v2\/users\/1"}],"replies":[{"embeddable":true,"href":"https:\/\/capstonelawyers.com\/es\/wp-json\/wp\/v2\/comments?post=4"}],"version-history":[{"count":22,"href":"https:\/\/capstonelawyers.com\/es\/wp-json\/wp\/v2\/pages\/4\/revisions"}],"predecessor-version":[{"id":3233,"href":"https:\/\/capstonelawyers.com\/es\/wp-json\/wp\/v2\/pages\/4\/revisions\/3233"}],"wp:attachment":[{"href":"https:\/\/capstonelawyers.com\/es\/wp-json\/wp\/v2\/media?parent=4"}],"curies":[{"name":"wp","href":"https:\/\/api.w.org\/{rel}","templated":true}]}}